{"id":4148,"date":"2020-10-10T15:14:12","date_gmt":"2020-10-10T15:14:12","guid":{"rendered":"https:\/\/www.rituals-fuengirola.es\/?page_id=4148"},"modified":"2023-06-20T18:52:21","modified_gmt":"2023-06-20T18:52:21","slug":"tratamiento-corporal","status":"publish","type":"page","link":"https:\/\/www.rituals-fuengirola.es\/en\/masajes-y-tratamientos\/tratamiento-corporal\/","title":{"rendered":"Tratamiento corporal (grasa localizada )"},"content":{"rendered":"<div class=\"wpb-content-wrapper\"><div class=\"vc_row wpb_row vc_row-fluid\" ><div class=\"wpb_column vc_column_container vc_col-sm-12\"><div class=\"vc_column-inner\"><div class=\"wpb_wrapper\">\n\t<div class=\"wpb_text_column wpb_content_element\" >\n\t\t<div class=\"wpb_wrapper\">\n\t\t\t<p style=\"text-align: justify;\"><span style=\"color: #000000;\"><\/p>\n\n\t\t<\/div>\n\t<\/div>\n<\/div><\/div><\/div><\/div><div class=\"vc_row wpb_row vc_row-fluid\" ><div class=\"wpb_column vc_column_container vc_col-sm-6\"><div class=\"vc_column-inner\"><div class=\"wpb_wrapper\"><div class=\"mkdf-image-gallery  mkdf-ig-slider-type mkdf-large-space\">\n\t<div class=\"mkdf-ig-slider mkdf-owl-slider\" data-number-of-items=\"1\" data-enable-loop=\"yes\" data-enable-autoplay=\"yes\" data-slider-speed=\"5000\" data-slider-speed-animation=\"600\" data-slider-padding=\"no\" data-enable-navigation=\"yes\" data-enable-pagination=\"no\">\n\t\t\t\t\t<div class=\"mkdf-ig-image\">\n\t\t\t\t\t\t\t\t\t<img decoding=\"async\" src=\"https:\/\/www.rituals-fuengirola.es\/wp-content\/uploads\/2020\/10\/rituals-fuengirola-tratamiento-grasa-localizada1-400x300.jpeg\" alt=\"rituals fuengirola tratamiento grasa localizada1\" width=\"400\" height=\"300\" \/>\t\t\t\t\t\t\t<\/div>\n\t\t\t\t\t<div class=\"mkdf-ig-image\">\n\t\t\t\t\t\t\t\t\t<img decoding=\"async\" src=\"https:\/\/www.rituals-fuengirola.es\/wp-content\/uploads\/2020\/10\/rituals-fuengirola-tratamiento-grasa-localizada2-400x300.jpg\" alt=\"rituals fuengirola tratamiento grasa localizada2\" width=\"400\" height=\"300\" \/>\t\t\t\t\t\t\t<\/div>\n\t\t\t\t\t<div class=\"mkdf-ig-image\">\n\t\t\t\t\t\t\t\t\t<img decoding=\"async\" src=\"https:\/\/www.rituals-fuengirola.es\/wp-content\/uploads\/2020\/10\/rituals-fuengirola-tratamiento-grasa-localizada3-400x300.jpg\" alt=\"rituals fuengirola tratamiento grasa localizada3\" width=\"400\" height=\"300\" \/>\t\t\t\t\t\t\t<\/div>\n\t\t\t<\/div>\n<\/div><\/div><\/div><\/div><div class=\"wpb_column vc_column_container vc_col-sm-6\"><div class=\"vc_column-inner\"><div class=\"wpb_wrapper\">\n\t<div class=\"wpb_text_column wpb_content_element\" >\n\t\t<div class=\"wpb_wrapper\">\n\t\t\t<p>\u00a0<\/span><\/p>\n<h4 style=\"text-align: justify;\" id=\"tratamiento-corporal-grasa-localizada\">Tratamiento corporal ( grasa localizada )<\/h4>\n\n\t\t<\/div>\n\t<\/div>\n<div class=\"vc_empty_space\"   style=\"height: 20px\"><span class=\"vc_empty_space_inner\"><\/span><\/div>\n\t<div class=\"wpb_text_column wpb_content_element\" >\n\t\t<div class=\"wpb_wrapper\">\n\t\t\t<p style=\"text-align: justify;\"><span style=\"color: #000000;\"><strong>Description: <\/strong>el tratamiento corporal se utiliza para\u00a0eliminar o reducir la grasa localizada. Principalmente la m\u00e1s frecuente, la grasa abdominal, se recomendar\u00e1 un tratamiento o la combinaci\u00f3n de varios tratamientos en funci\u00f3n de cada caso. As\u00ed, para eliminar o quemar grasa localizada en Rituals Fuengirola disponemos de estos tratamientos m\u00e9dicos corporales.<\/span><\/p>\n<p style=\"text-align: justify;\"><span style=\"color: #000000;\"><strong>Tratamientos ofrecidos:<\/strong><\/span><\/p>\n<ul style=\"text-align: justify;\">\n<li><span style=\"color: #000000;\">Cavitacion <\/span><\/li>\n<li><span style=\"color: #000000;\">Radiofrecuencia <\/span><\/li>\n<li><span style=\"color: #000000;\">Vacuum <\/span><\/li>\n<li><span style=\"color: #000000;\">Masaje reductor <\/span><\/li>\n<li><span style=\"color: #000000;\">Terapia led &#8211; <strong>GRATUITA<\/strong><\/span><\/li>\n<\/ul>\n<p style=\"text-align: justify;\"><span style=\"color: #000000;\"><strong>Prices:<\/strong><\/span><\/p>\n<ul style=\"text-align: justify;\">\n<li><span style=\"color: #000000;\">Pack Completo 60 min. &#8211; 70 \u20ac<\/span><\/li>\n<li><span style=\"color: #000000;\">Pack Completo m\u00e1s <strong>Lipo L\u00e1ser\u00a0<\/strong><\/span><span style=\"color: #000000;\">60 min. &#8211; 80 \u20ac<\/span><\/li>\n<\/ul>\n<p style=\"text-align: justify;\"><span style=\"color: #000000;\"><a itemprop=\"url\" href=\"tel:\/\/+34603323339\" target=\"_self\"  class=\"mkdf-btn mkdf-btn-medium mkdf-btn-solid\"  >\n    <span class=\"mkdf-btn-text\">Book Us<\/span>\n    <i class=\"mkdf-icon-font-awesome fa\" ><\/i>\t<\/a><\/span><\/p>\n\n\t\t<\/div>\n\t<\/div>\n<\/div><\/div><\/div><\/div><div class=\"vc_row wpb_row vc_row-fluid\" ><div class=\"wpb_column vc_column_container vc_col-sm-12\"><div class=\"vc_column-inner\"><div class=\"wpb_wrapper\"><div class=\"vc_empty_space\"   style=\"height: 80px\"><span class=\"vc_empty_space_inner\"><\/span><\/div><a itemprop=\"url\" href=\"https:\/\/www.rituals-fuengirola.es\/en\/masajes-y-tratamientos\/\" target=\"_self\"  class=\"mkdf-btn mkdf-btn-small mkdf-btn-outline mkdf-btn-icon\"  >\n    <span class=\"mkdf-btn-text\">Massages catalog<\/span>\n    <span aria-hidden=\"true\" class=\"mkdf-icon-font-elegant arrow_back\" ><\/span>\t<\/a><\/div><\/div><\/div><\/div><div class=\"vc_row wpb_row vc_row-fluid\" ><div class=\"wpb_column vc_column_container vc_col-sm-12\"><div class=\"vc_column-inner\"><div class=\"wpb_wrapper\">\n\t<div class=\"wpb_text_column wpb_content_element\" >\n\t\t<div class=\"wpb_wrapper\">\n\t\t\t\n\t\t<\/div>\n\t<\/div>\n<\/div><\/div><\/div><\/div>\n<\/div>","protected":false},"excerpt":{"rendered":"\u00a0 Tratamiento corporal ( grasa localizada ) Descripci\u00f3n: el tratamiento corporal se utiliza para\u00a0eliminar o reducir la grasa localizada. Principalmente la m\u00e1s frecuente, la grasa abdominal, se recomendar\u00e1 un tratamiento o la combinaci\u00f3n de varios tratamientos en funci\u00f3n de cada [...]","protected":false},"author":1,"featured_media":4146,"parent":2035,"menu_order":0,"comment_status":"closed","ping_status":"closed","template":"","meta":{"_exactmetrics_skip_tracking":false,"_exactmetrics_sitenote_active":false,"_exactmetrics_sitenote_note":"","_exactmetrics_sitenote_category":0,"footnotes":""},"class_list":["post-4148","page","type-page","status-publish","has-post-thumbnail","hentry"],"yoast_head":"<!-- This site is optimized with the Yoast SEO plugin v27.2 - https:\/\/yoast.com\/product\/yoast-seo-wordpress\/ -->\n<title>Tratamiento corporal (grasa localizada ) &#8211; Cat\u00e1logo Masajes Rituals Masajes Fuengirola<\/title>\n<meta name=\"description\" content=\"El Tratamiento corporal se utiliza para\u00a0eliminar o reducir la grasa localizada. En Rituals Fuengirola disponemos de estos tratamientos m\u00e9dicos corporales.\" \/>\n<meta name=\"robots\" content=\"index, follow, max-snippet:-1, max-image-preview:large, max-video-preview:-1\" \/>\n<link rel=\"canonical\" href=\"https:\/\/www.rituals-fuengirola.es\/en\/masajes-y-tratamientos\/tratamiento-corporal\/\" \/>\n<meta property=\"og:locale\" content=\"en_GB\" \/>\n<meta property=\"og:type\" content=\"article\" \/>\n<meta property=\"og:title\" content=\"Tratamiento corporal (grasa localizada ) &#8211; Cat\u00e1logo Masajes Rituals Masajes Fuengirola\" \/>\n<meta property=\"og:description\" content=\"El Tratamiento corporal se utiliza para\u00a0eliminar o reducir la grasa localizada. En Rituals Fuengirola disponemos de estos tratamientos m\u00e9dicos corporales.\" \/>\n<meta property=\"og:url\" content=\"https:\/\/www.rituals-fuengirola.es\/en\/masajes-y-tratamientos\/tratamiento-corporal\/\" \/>\n<meta property=\"og:site_name\" content=\"Rituals Masajes Fuengirola\" \/>\n<meta property=\"article:publisher\" content=\"https:\/\/www.facebook.com\/ritualsfuengirola\" \/>\n<meta property=\"article:modified_time\" content=\"2023-06-20T18:52:21+00:00\" \/>\n<meta property=\"og:image\" content=\"https:\/\/www.rituals-fuengirola.es\/wp-content\/uploads\/2020\/10\/rituals-fuengirola-tratamiento-grasa-localizada-1.jpeg\" \/>\n\t<meta property=\"og:image:width\" content=\"999\" \/>\n\t<meta property=\"og:image:height\" content=\"778\" \/>\n\t<meta property=\"og:image:type\" content=\"image\/jpeg\" \/>\n<meta name=\"twitter:card\" content=\"summary_large_image\" \/>\n<meta name=\"twitter:label1\" content=\"Estimated reading time\" \/>\n\t<meta name=\"twitter:data1\" content=\"1 minute\" \/>\n<script type=\"application\/ld+json\" class=\"yoast-schema-graph\">{\"@context\":\"https:\/\/schema.org\",\"@graph\":[{\"@type\":\"WebPage\",\"@id\":\"https:\/\/www.rituals-fuengirola.es\/masajes-y-tratamientos\/tratamiento-corporal\/\",\"url\":\"https:\/\/www.rituals-fuengirola.es\/masajes-y-tratamientos\/tratamiento-corporal\/\",\"name\":\"Tratamiento corporal (grasa localizada ) &#8211; Cat\u00e1logo Masajes Rituals Masajes Fuengirola\",\"isPartOf\":{\"@id\":\"https:\/\/www.rituals-fuengirola.es\/#website\"},\"primaryImageOfPage\":{\"@id\":\"https:\/\/www.rituals-fuengirola.es\/masajes-y-tratamientos\/tratamiento-corporal\/#primaryimage\"},\"image\":{\"@id\":\"https:\/\/www.rituals-fuengirola.es\/masajes-y-tratamientos\/tratamiento-corporal\/#primaryimage\"},\"thumbnailUrl\":\"https:\/\/www.rituals-fuengirola.es\/wp-content\/uploads\/2020\/10\/rituals-fuengirola-tratamiento-grasa-localizada-1.jpeg\",\"datePublished\":\"2020-10-10T15:14:12+00:00\",\"dateModified\":\"2023-06-20T18:52:21+00:00\",\"description\":\"El Tratamiento corporal se utiliza para\u00a0eliminar o reducir la grasa localizada. En Rituals Fuengirola disponemos de estos tratamientos m\u00e9dicos corporales.\",\"breadcrumb\":{\"@id\":\"https:\/\/www.rituals-fuengirola.es\/masajes-y-tratamientos\/tratamiento-corporal\/#breadcrumb\"},\"inLanguage\":\"en-GB\",\"potentialAction\":[{\"@type\":\"ReadAction\",\"target\":[\"https:\/\/www.rituals-fuengirola.es\/masajes-y-tratamientos\/tratamiento-corporal\/\"]}]},{\"@type\":\"ImageObject\",\"inLanguage\":\"en-GB\",\"@id\":\"https:\/\/www.rituals-fuengirola.es\/masajes-y-tratamientos\/tratamiento-corporal\/#primaryimage\",\"url\":\"https:\/\/www.rituals-fuengirola.es\/wp-content\/uploads\/2020\/10\/rituals-fuengirola-tratamiento-grasa-localizada-1.jpeg\",\"contentUrl\":\"https:\/\/www.rituals-fuengirola.es\/wp-content\/uploads\/2020\/10\/rituals-fuengirola-tratamiento-grasa-localizada-1.jpeg\",\"width\":999,\"height\":778,\"caption\":\"rituals fuengirola tratamiento grasa localizada\"},{\"@type\":\"BreadcrumbList\",\"@id\":\"https:\/\/www.rituals-fuengirola.es\/masajes-y-tratamientos\/tratamiento-corporal\/#breadcrumb\",\"itemListElement\":[{\"@type\":\"ListItem\",\"position\":1,\"name\":\"Home\",\"item\":\"https:\/\/www.rituals-fuengirola.es\/\"},{\"@type\":\"ListItem\",\"position\":2,\"name\":\"Masajes y Tratamientos\",\"item\":\"https:\/\/www.rituals-fuengirola.es\/masajes-y-tratamientos\/\"},{\"@type\":\"ListItem\",\"position\":3,\"name\":\"Tratamiento corporal (grasa localizada )\"}]},{\"@type\":\"WebSite\",\"@id\":\"https:\/\/www.rituals-fuengirola.es\/#website\",\"url\":\"https:\/\/www.rituals-fuengirola.es\/\",\"name\":\"Rituals Masajes Fuengirola\",\"description\":\"Masajes Fuengirola y Terapias Naturales\",\"publisher\":{\"@id\":\"https:\/\/www.rituals-fuengirola.es\/#organization\"},\"potentialAction\":[{\"@type\":\"SearchAction\",\"target\":{\"@type\":\"EntryPoint\",\"urlTemplate\":\"https:\/\/www.rituals-fuengirola.es\/?s={search_term_string}\"},\"query-input\":{\"@type\":\"PropertyValueSpecification\",\"valueRequired\":true,\"valueName\":\"search_term_string\"}}],\"inLanguage\":\"en-GB\"},{\"@type\":\"Organization\",\"@id\":\"https:\/\/www.rituals-fuengirola.es\/#organization\",\"name\":\"Rituals Fuengirola\",\"url\":\"https:\/\/www.rituals-fuengirola.es\/\",\"logo\":{\"@type\":\"ImageObject\",\"inLanguage\":\"en-GB\",\"@id\":\"https:\/\/www.rituals-fuengirola.es\/#\/schema\/logo\/image\/\",\"url\":\"https:\/\/www.rituals-fuengirola.es\/wp-content\/uploads\/2020\/10\/cropped-logo-nuevo3.jpg\",\"contentUrl\":\"https:\/\/www.rituals-fuengirola.es\/wp-content\/uploads\/2020\/10\/cropped-logo-nuevo3.jpg\",\"width\":512,\"height\":512,\"caption\":\"Rituals Fuengirola\"},\"image\":{\"@id\":\"https:\/\/www.rituals-fuengirola.es\/#\/schema\/logo\/image\/\"},\"sameAs\":[\"https:\/\/www.facebook.com\/ritualsfuengirola\",\"https:\/\/www.instagram.com\/ritualsfuengirola\/\"]}]}<\/script>\n<!-- \/ Yoast SEO plugin. -->","yoast_head_json":{"title":"Tratamiento corporal (grasa localizada ) &#8211; Cat\u00e1logo Masajes Rituals Masajes Fuengirola","description":"El Tratamiento corporal se utiliza para\u00a0eliminar o reducir la grasa localizada. En Rituals Fuengirola disponemos de estos tratamientos m\u00e9dicos corporales.","robots":{"index":"index","follow":"follow","max-snippet":"max-snippet:-1","max-image-preview":"max-image-preview:large","max-video-preview":"max-video-preview:-1"},"canonical":"https:\/\/www.rituals-fuengirola.es\/en\/masajes-y-tratamientos\/tratamiento-corporal\/","og_locale":"en_GB","og_type":"article","og_title":"Tratamiento corporal (grasa localizada ) &#8211; Cat\u00e1logo Masajes Rituals Masajes Fuengirola","og_description":"El Tratamiento corporal se utiliza para\u00a0eliminar o reducir la grasa localizada. En Rituals Fuengirola disponemos de estos tratamientos m\u00e9dicos corporales.","og_url":"https:\/\/www.rituals-fuengirola.es\/en\/masajes-y-tratamientos\/tratamiento-corporal\/","og_site_name":"Rituals Masajes Fuengirola","article_publisher":"https:\/\/www.facebook.com\/ritualsfuengirola","article_modified_time":"2023-06-20T18:52:21+00:00","og_image":[{"width":999,"height":778,"url":"https:\/\/www.rituals-fuengirola.es\/wp-content\/uploads\/2020\/10\/rituals-fuengirola-tratamiento-grasa-localizada-1.jpeg","type":"image\/jpeg"}],"twitter_card":"summary_large_image","twitter_misc":{"Estimated reading time":"1 minute"},"schema":{"@context":"https:\/\/schema.org","@graph":[{"@type":"WebPage","@id":"https:\/\/www.rituals-fuengirola.es\/masajes-y-tratamientos\/tratamiento-corporal\/","url":"https:\/\/www.rituals-fuengirola.es\/masajes-y-tratamientos\/tratamiento-corporal\/","name":"Tratamiento corporal (grasa localizada ) &#8211; Cat\u00e1logo Masajes Rituals Masajes Fuengirola","isPartOf":{"@id":"https:\/\/www.rituals-fuengirola.es\/#website"},"primaryImageOfPage":{"@id":"https:\/\/www.rituals-fuengirola.es\/masajes-y-tratamientos\/tratamiento-corporal\/#primaryimage"},"image":{"@id":"https:\/\/www.rituals-fuengirola.es\/masajes-y-tratamientos\/tratamiento-corporal\/#primaryimage"},"thumbnailUrl":"https:\/\/www.rituals-fuengirola.es\/wp-content\/uploads\/2020\/10\/rituals-fuengirola-tratamiento-grasa-localizada-1.jpeg","datePublished":"2020-10-10T15:14:12+00:00","dateModified":"2023-06-20T18:52:21+00:00","description":"El Tratamiento corporal se utiliza para\u00a0eliminar o reducir la grasa localizada. En Rituals Fuengirola disponemos de estos tratamientos m\u00e9dicos corporales.","breadcrumb":{"@id":"https:\/\/www.rituals-fuengirola.es\/masajes-y-tratamientos\/tratamiento-corporal\/#breadcrumb"},"inLanguage":"en-GB","potentialAction":[{"@type":"ReadAction","target":["https:\/\/www.rituals-fuengirola.es\/masajes-y-tratamientos\/tratamiento-corporal\/"]}]},{"@type":"ImageObject","inLanguage":"en-GB","@id":"https:\/\/www.rituals-fuengirola.es\/masajes-y-tratamientos\/tratamiento-corporal\/#primaryimage","url":"https:\/\/www.rituals-fuengirola.es\/wp-content\/uploads\/2020\/10\/rituals-fuengirola-tratamiento-grasa-localizada-1.jpeg","contentUrl":"https:\/\/www.rituals-fuengirola.es\/wp-content\/uploads\/2020\/10\/rituals-fuengirola-tratamiento-grasa-localizada-1.jpeg","width":999,"height":778,"caption":"rituals fuengirola tratamiento grasa localizada"},{"@type":"BreadcrumbList","@id":"https:\/\/www.rituals-fuengirola.es\/masajes-y-tratamientos\/tratamiento-corporal\/#breadcrumb","itemListElement":[{"@type":"ListItem","position":1,"name":"Home","item":"https:\/\/www.rituals-fuengirola.es\/"},{"@type":"ListItem","position":2,"name":"Masajes y Tratamientos","item":"https:\/\/www.rituals-fuengirola.es\/masajes-y-tratamientos\/"},{"@type":"ListItem","position":3,"name":"Tratamiento corporal (grasa localizada )"}]},{"@type":"WebSite","@id":"https:\/\/www.rituals-fuengirola.es\/#website","url":"https:\/\/www.rituals-fuengirola.es\/","name":"Rituals Masajes Fuengirola","description":"Masajes Fuengirola y Terapias Naturales","publisher":{"@id":"https:\/\/www.rituals-fuengirola.es\/#organization"},"potentialAction":[{"@type":"SearchAction","target":{"@type":"EntryPoint","urlTemplate":"https:\/\/www.rituals-fuengirola.es\/?s={search_term_string}"},"query-input":{"@type":"PropertyValueSpecification","valueRequired":true,"valueName":"search_term_string"}}],"inLanguage":"en-GB"},{"@type":"Organization","@id":"https:\/\/www.rituals-fuengirola.es\/#organization","name":"Rituals Fuengirola","url":"https:\/\/www.rituals-fuengirola.es\/","logo":{"@type":"ImageObject","inLanguage":"en-GB","@id":"https:\/\/www.rituals-fuengirola.es\/#\/schema\/logo\/image\/","url":"https:\/\/www.rituals-fuengirola.es\/wp-content\/uploads\/2020\/10\/cropped-logo-nuevo3.jpg","contentUrl":"https:\/\/www.rituals-fuengirola.es\/wp-content\/uploads\/2020\/10\/cropped-logo-nuevo3.jpg","width":512,"height":512,"caption":"Rituals Fuengirola"},"image":{"@id":"https:\/\/www.rituals-fuengirola.es\/#\/schema\/logo\/image\/"},"sameAs":["https:\/\/www.facebook.com\/ritualsfuengirola","https:\/\/www.instagram.com\/ritualsfuengirola\/"]}]}},"_links":{"self":[{"href":"https:\/\/www.rituals-fuengirola.es\/en\/wp-json\/wp\/v2\/pages\/4148","targetHints":{"allow":["GET"]}}],"collection":[{"href":"https:\/\/www.rituals-fuengirola.es\/en\/wp-json\/wp\/v2\/pages"}],"about":[{"href":"https:\/\/www.rituals-fuengirola.es\/en\/wp-json\/wp\/v2\/types\/page"}],"author":[{"embeddable":true,"href":"https:\/\/www.rituals-fuengirola.es\/en\/wp-json\/wp\/v2\/users\/1"}],"replies":[{"embeddable":true,"href":"https:\/\/www.rituals-fuengirola.es\/en\/wp-json\/wp\/v2\/comments?post=4148"}],"version-history":[{"count":5,"href":"https:\/\/www.rituals-fuengirola.es\/en\/wp-json\/wp\/v2\/pages\/4148\/revisions"}],"predecessor-version":[{"id":6446,"href":"https:\/\/www.rituals-fuengirola.es\/en\/wp-json\/wp\/v2\/pages\/4148\/revisions\/6446"}],"up":[{"embeddable":true,"href":"https:\/\/www.rituals-fuengirola.es\/en\/wp-json\/wp\/v2\/pages\/2035"}],"wp:featuredmedia":[{"embeddable":true,"href":"https:\/\/www.rituals-fuengirola.es\/en\/wp-json\/wp\/v2\/media\/4146"}],"wp:attachment":[{"href":"https:\/\/www.rituals-fuengirola.es\/en\/wp-json\/wp\/v2\/media?parent=4148"}],"curies":[{"name":"wp","href":"https:\/\/api.w.org\/{rel}","templated":true}]}}