{"id":3708,"date":"2019-03-29T12:24:01","date_gmt":"2019-03-29T12:24:01","guid":{"rendered":"https:\/\/www.rituals-fuengirola.es\/?page_id=3708"},"modified":"2023-09-07T19:57:18","modified_gmt":"2023-09-07T19:57:18","slug":"reflexologia-podal-fuengirola","status":"publish","type":"page","link":"https:\/\/www.rituals-fuengirola.es\/en\/masajes-y-tratamientos\/reflexologia-podal-fuengirola\/","title":{"rendered":"Foot Reflexology"},"content":{"rendered":"<div class=\"wpb-content-wrapper\"><div class=\"vc_row wpb_row vc_row-fluid\" ><div class=\"wpb_column vc_column_container vc_col-sm-6\"><div class=\"vc_column-inner\"><div class=\"wpb_wrapper\"><div class=\"mkdf-image-gallery  mkdf-ig-slider-type mkdf-large-space\">\n\t<div class=\"mkdf-ig-slider mkdf-owl-slider\" data-number-of-items=\"1\" data-enable-loop=\"yes\" data-enable-autoplay=\"yes\" data-slider-speed=\"5000\" data-slider-speed-animation=\"600\" data-slider-padding=\"no\" data-enable-navigation=\"yes\" data-enable-pagination=\"no\">\n\t\t\t\t\t<div class=\"mkdf-ig-image\">\n\t\t\t\t\t\t\t\t\t<img decoding=\"async\" src=\"https:\/\/www.rituals-fuengirola.es\/wp-content\/uploads\/2022\/05\/Reflexologi\u0301a-Podal-costa-del-sol-spa-massage-best-fuengirola-rituals-400x300.jpg\" alt=\"Reflexologi\u0301a Podal costa del sol spa massage best fuengirola rituals\" width=\"400\" height=\"300\" \/>\t\t\t\t\t\t\t<\/div>\n\t\t\t\t\t<div class=\"mkdf-ig-image\">\n\t\t\t\t\t\t\t\t\t<img decoding=\"async\" src=\"https:\/\/www.rituals-fuengirola.es\/wp-content\/uploads\/2022\/05\/Reflexologi\u0301a-Podal-fuengirola-marbella-malaga-rituals-masaje-massage-400x300.jpg\" alt=\"Reflexologi\u0301a Podal fuengirola marbella malaga rituals masaje massage\" width=\"400\" height=\"300\" \/>\t\t\t\t\t\t\t<\/div>\n\t\t\t\t\t<div class=\"mkdf-ig-image\">\n\t\t\t\t\t\t\t\t\t<img decoding=\"async\" src=\"https:\/\/www.rituals-fuengirola.es\/wp-content\/uploads\/2022\/05\/Reflexologi\u0301a-Podal-fuengirola-masajes-massage-spa-costa-del-sol-400x300.jpg\" alt=\"Reflexologi\u0301a Podal fuengirola masajes massage spa costa del sol\" width=\"400\" height=\"300\" \/>\t\t\t\t\t\t\t<\/div>\n\t\t\t\t\t<div class=\"mkdf-ig-image\">\n\t\t\t\t\t\t\t\t\t<img decoding=\"async\" src=\"https:\/\/www.rituals-fuengirola.es\/wp-content\/uploads\/2022\/05\/Reflexologi\u0301a-Podal-nino-baby-treartments-fuengirola-spa-wellness-malaga-costa-del-sol-400x300.jpg\" alt=\"Reflexologi\u0301a Podal nino baby treartments fuengirola spa wellness malaga costa del sol\" width=\"400\" height=\"300\" \/>\t\t\t\t\t\t\t<\/div>\n\t\t\t<\/div>\n<\/div><\/div><\/div><\/div><div class=\"wpb_column vc_column_container vc_col-sm-6\"><div class=\"vc_column-inner\"><div class=\"wpb_wrapper\">\n\t<div class=\"wpb_text_column wpb_content_element\" >\n\t\t<div class=\"wpb_wrapper\">\n\t\t\t<h4 style=\"text-align: justify;\" id=\"reflexologia-podal\">Foot Reflexology<\/h4>\n<p style=\"text-align: justify;\"><span style=\"color: #000000;\"><\/p>\n\n\t\t<\/div>\n\t<\/div>\n<div class=\"vc_empty_space\"   style=\"height: 20px\"><span class=\"vc_empty_space_inner\"><\/span><\/div>\n\t<div class=\"wpb_text_column wpb_content_element\" >\n\t\t<div class=\"wpb_wrapper\">\n\t\t\t<p>\u00a0<\/span><\/p>\n<p style=\"text-align: justify;\"><span style=\"color: #000000;\"><strong>Description: <\/strong>The Foot Reflexology is based on the work of specific points on the sole of the foot, through manual massage which are related to different parts and organs of the body. This technique comes from arcane techniques practiced by various civilizations, which were reflected in different writings establishing the benefits of working the sole of the foot with therapeutic effects. The treatment is performed on both feet, usually starting on the left foot, this side being, according to the theory, the one with the greatest psychosomatic link, with the right side being the recipient of a greater physical bond. The treatment includes:<\/span><\/p>\n<ul style=\"text-align: justify;\">\n<li><a href=\"http:\/\/reflexologiapodalweb.com\/\"><span style=\"color: #000000;\">Foot Reflexology<\/span><\/a><\/li>\n<li><span style=\"color: #000000;\">Depurative Organic Tea<\/span><\/li>\n<\/ul>\n<p style=\"text-align: justify;\"><span style=\"color: #000000;\"><strong>Benefits:<\/strong><\/span><\/p>\n<ul style=\"text-align: justify;\">\n<li><span style=\"color: #000000;\">It produces a relaxing effect that helps eliminate stress and facilitates physical and mental relaxation.<\/span><\/li>\n<li><span style=\"color: #000000;\">It stimulates blood and lymphatic circulation.<\/span><\/li>\n<li><span style=\"color: #000000;\">It boosts the immune system and the self-healing potential of the body.<\/span><\/li>\n<li><span style=\"color: #000000;\">Regulates the functioning of body organs.<\/span><\/li>\n<li><span style=\"color: #000000;\">Balances and restores energy levels.<\/span><\/li>\n<li><span style=\"color: #000000;\">It helps the elimination of toxins.<\/span><\/li>\n<li><span style=\"color: #000000;\">It has preventive therapy effects.<\/span><\/li>\n<li><span style=\"color: #000000;\">It has an analgesic effect (relieves pain).<\/span><\/li>\n<li><span style=\"color: #000000;\">It is not contraindicated in adolescents, children, pregnant women and the elderly.<\/span><\/li>\n<li><span style=\"color: #000000;\">It stimulates creativity, raises the level of vitality and improves humor.<\/span><\/li>\n<\/ul>\n<p style=\"text-align: justify;\"><span style=\"color: #000000;\"><strong>Prices:<\/strong><\/span><\/p>\n<ul style=\"text-align: justify;\">\n<li><span style=\"color: #000000;\">20 min. &#8211; 20 \u20ac<\/span><\/li>\n<li><span style=\"color: #000000;\">45 min. &#8211; 50 \u20ac<\/span><\/li>\n<\/ul>\n<p style=\"text-align: justify;\"><span style=\"color: #000000;\"><a itemprop=\"url\" href=\"tel:\/\/+34603323339\" target=\"_self\"  class=\"mkdf-btn mkdf-btn-medium mkdf-btn-solid\"  >\n    <span class=\"mkdf-btn-text\">Book Us<\/span>\n    <i class=\"mkdf-icon-font-awesome fa\" ><\/i>\t<\/a><\/span><\/p>\n\n\t\t<\/div>\n\t<\/div>\n<\/div><\/div><\/div><\/div><div class=\"vc_row wpb_row vc_row-fluid\" ><div class=\"wpb_column vc_column_container vc_col-sm-12\"><div class=\"vc_column-inner\"><div class=\"wpb_wrapper\"><div class=\"vc_empty_space\"   style=\"height: 80px\"><span class=\"vc_empty_space_inner\"><\/span><\/div><a itemprop=\"url\" href=\"https:\/\/www.rituals-fuengirola.es\/en\/masajes-y-tratamientos\/\" target=\"_self\"  class=\"mkdf-btn mkdf-btn-small mkdf-btn-outline mkdf-btn-icon\"  >\n    <span class=\"mkdf-btn-text\">Massages catalog<\/span>\n    <span aria-hidden=\"true\" class=\"mkdf-icon-font-elegant arrow_back\" ><\/span>\t<\/a><\/div><\/div><\/div><\/div>\n<\/div>","protected":false},"excerpt":{"rendered":"Reflexolog\u00eda Podal \u00a0 Descripci\u00f3n: la\u00a0Reflexolog\u00eda Podal se basa en el trabajo de puntos espec\u00edficos de la planta del pie, mediante masaje manual los cuales, guardan relaci\u00f3n con diferentes partes y \u00f3rganos del cuerpo. Esta t\u00e9cnica, proviene de arcanas t\u00e9cnicas practicadas [...]","protected":false},"author":1,"featured_media":0,"parent":2035,"menu_order":0,"comment_status":"closed","ping_status":"closed","template":"","meta":{"_exactmetrics_skip_tracking":false,"_exactmetrics_sitenote_active":false,"_exactmetrics_sitenote_note":"","_exactmetrics_sitenote_category":0,"footnotes":""},"class_list":["post-3708","page","type-page","status-publish","hentry"],"yoast_head":"<!-- This site is optimized with the Yoast SEO plugin v27.2 - https:\/\/yoast.com\/product\/yoast-seo-wordpress\/ -->\n<title>Reflexolog\u00eda Podal &#8211; Cat\u00e1logo Masajes Rituals Masajes Fuengirola<\/title>\n<meta name=\"description\" content=\"La\u00a0Reflexolog\u00eda Podal se basa en el masaje de puntos espec\u00edficos de la planta del pie en relaci\u00f3n con diferentes partes y \u00f3rganos del cuerpo.\" \/>\n<meta name=\"robots\" content=\"index, follow, max-snippet:-1, max-image-preview:large, max-video-preview:-1\" \/>\n<link rel=\"canonical\" href=\"https:\/\/www.rituals-fuengirola.es\/en\/masajes-y-tratamientos\/reflexologia-podal-fuengirola\/\" \/>\n<meta property=\"og:locale\" content=\"en_GB\" \/>\n<meta property=\"og:type\" content=\"article\" \/>\n<meta property=\"og:title\" content=\"Reflexolog\u00eda Podal &#8211; Cat\u00e1logo Masajes Rituals Masajes Fuengirola\" \/>\n<meta property=\"og:description\" content=\"La\u00a0Reflexolog\u00eda Podal se basa en el masaje de puntos espec\u00edficos de la planta del pie en relaci\u00f3n con diferentes partes y \u00f3rganos del cuerpo.\" \/>\n<meta property=\"og:url\" content=\"https:\/\/www.rituals-fuengirola.es\/en\/masajes-y-tratamientos\/reflexologia-podal-fuengirola\/\" \/>\n<meta property=\"og:site_name\" content=\"Rituals Masajes Fuengirola\" \/>\n<meta property=\"article:publisher\" content=\"https:\/\/www.facebook.com\/ritualsfuengirola\" \/>\n<meta property=\"article:modified_time\" content=\"2023-09-07T19:57:18+00:00\" \/>\n<meta name=\"twitter:card\" content=\"summary_large_image\" \/>\n<meta name=\"twitter:label1\" content=\"Estimated reading time\" \/>\n\t<meta name=\"twitter:data1\" content=\"2 minutes\" \/>\n<script type=\"application\/ld+json\" class=\"yoast-schema-graph\">{\"@context\":\"https:\/\/schema.org\",\"@graph\":[{\"@type\":\"WebPage\",\"@id\":\"https:\/\/www.rituals-fuengirola.es\/masajes-y-tratamientos\/reflexologia-podal-fuengirola\/\",\"url\":\"https:\/\/www.rituals-fuengirola.es\/masajes-y-tratamientos\/reflexologia-podal-fuengirola\/\",\"name\":\"Reflexolog\u00eda Podal &#8211; Cat\u00e1logo Masajes Rituals Masajes Fuengirola\",\"isPartOf\":{\"@id\":\"https:\/\/www.rituals-fuengirola.es\/#website\"},\"datePublished\":\"2019-03-29T12:24:01+00:00\",\"dateModified\":\"2023-09-07T19:57:18+00:00\",\"description\":\"La\u00a0Reflexolog\u00eda Podal se basa en el masaje de puntos espec\u00edficos de la planta del pie en relaci\u00f3n con diferentes partes y \u00f3rganos del cuerpo.\",\"breadcrumb\":{\"@id\":\"https:\/\/www.rituals-fuengirola.es\/masajes-y-tratamientos\/reflexologia-podal-fuengirola\/#breadcrumb\"},\"inLanguage\":\"en-GB\",\"potentialAction\":[{\"@type\":\"ReadAction\",\"target\":[\"https:\/\/www.rituals-fuengirola.es\/masajes-y-tratamientos\/reflexologia-podal-fuengirola\/\"]}]},{\"@type\":\"BreadcrumbList\",\"@id\":\"https:\/\/www.rituals-fuengirola.es\/masajes-y-tratamientos\/reflexologia-podal-fuengirola\/#breadcrumb\",\"itemListElement\":[{\"@type\":\"ListItem\",\"position\":1,\"name\":\"Home\",\"item\":\"https:\/\/www.rituals-fuengirola.es\/\"},{\"@type\":\"ListItem\",\"position\":2,\"name\":\"Masajes y Tratamientos\",\"item\":\"https:\/\/www.rituals-fuengirola.es\/masajes-y-tratamientos\/\"},{\"@type\":\"ListItem\",\"position\":3,\"name\":\"Reflexolog\u00eda Podal\"}]},{\"@type\":\"WebSite\",\"@id\":\"https:\/\/www.rituals-fuengirola.es\/#website\",\"url\":\"https:\/\/www.rituals-fuengirola.es\/\",\"name\":\"Rituals Masajes Fuengirola\",\"description\":\"Masajes Fuengirola y Terapias Naturales\",\"publisher\":{\"@id\":\"https:\/\/www.rituals-fuengirola.es\/#organization\"},\"potentialAction\":[{\"@type\":\"SearchAction\",\"target\":{\"@type\":\"EntryPoint\",\"urlTemplate\":\"https:\/\/www.rituals-fuengirola.es\/?s={search_term_string}\"},\"query-input\":{\"@type\":\"PropertyValueSpecification\",\"valueRequired\":true,\"valueName\":\"search_term_string\"}}],\"inLanguage\":\"en-GB\"},{\"@type\":\"Organization\",\"@id\":\"https:\/\/www.rituals-fuengirola.es\/#organization\",\"name\":\"Rituals Fuengirola\",\"url\":\"https:\/\/www.rituals-fuengirola.es\/\",\"logo\":{\"@type\":\"ImageObject\",\"inLanguage\":\"en-GB\",\"@id\":\"https:\/\/www.rituals-fuengirola.es\/#\/schema\/logo\/image\/\",\"url\":\"https:\/\/www.rituals-fuengirola.es\/wp-content\/uploads\/2020\/10\/cropped-logo-nuevo3.jpg\",\"contentUrl\":\"https:\/\/www.rituals-fuengirola.es\/wp-content\/uploads\/2020\/10\/cropped-logo-nuevo3.jpg\",\"width\":512,\"height\":512,\"caption\":\"Rituals Fuengirola\"},\"image\":{\"@id\":\"https:\/\/www.rituals-fuengirola.es\/#\/schema\/logo\/image\/\"},\"sameAs\":[\"https:\/\/www.facebook.com\/ritualsfuengirola\",\"https:\/\/www.instagram.com\/ritualsfuengirola\/\"]}]}<\/script>\n<!-- \/ Yoast SEO plugin. -->","yoast_head_json":{"title":"Reflexolog\u00eda Podal &#8211; Cat\u00e1logo Masajes Rituals Masajes Fuengirola","description":"La\u00a0Reflexolog\u00eda Podal se basa en el masaje de puntos espec\u00edficos de la planta del pie en relaci\u00f3n con diferentes partes y \u00f3rganos del cuerpo.","robots":{"index":"index","follow":"follow","max-snippet":"max-snippet:-1","max-image-preview":"max-image-preview:large","max-video-preview":"max-video-preview:-1"},"canonical":"https:\/\/www.rituals-fuengirola.es\/en\/masajes-y-tratamientos\/reflexologia-podal-fuengirola\/","og_locale":"en_GB","og_type":"article","og_title":"Reflexolog\u00eda Podal &#8211; Cat\u00e1logo Masajes Rituals Masajes Fuengirola","og_description":"La\u00a0Reflexolog\u00eda Podal se basa en el masaje de puntos espec\u00edficos de la planta del pie en relaci\u00f3n con diferentes partes y \u00f3rganos del cuerpo.","og_url":"https:\/\/www.rituals-fuengirola.es\/en\/masajes-y-tratamientos\/reflexologia-podal-fuengirola\/","og_site_name":"Rituals Masajes Fuengirola","article_publisher":"https:\/\/www.facebook.com\/ritualsfuengirola","article_modified_time":"2023-09-07T19:57:18+00:00","twitter_card":"summary_large_image","twitter_misc":{"Estimated reading time":"2 minutes"},"schema":{"@context":"https:\/\/schema.org","@graph":[{"@type":"WebPage","@id":"https:\/\/www.rituals-fuengirola.es\/masajes-y-tratamientos\/reflexologia-podal-fuengirola\/","url":"https:\/\/www.rituals-fuengirola.es\/masajes-y-tratamientos\/reflexologia-podal-fuengirola\/","name":"Reflexolog\u00eda Podal &#8211; Cat\u00e1logo Masajes Rituals Masajes Fuengirola","isPartOf":{"@id":"https:\/\/www.rituals-fuengirola.es\/#website"},"datePublished":"2019-03-29T12:24:01+00:00","dateModified":"2023-09-07T19:57:18+00:00","description":"La\u00a0Reflexolog\u00eda Podal se basa en el masaje de puntos espec\u00edficos de la planta del pie en relaci\u00f3n con diferentes partes y \u00f3rganos del cuerpo.","breadcrumb":{"@id":"https:\/\/www.rituals-fuengirola.es\/masajes-y-tratamientos\/reflexologia-podal-fuengirola\/#breadcrumb"},"inLanguage":"en-GB","potentialAction":[{"@type":"ReadAction","target":["https:\/\/www.rituals-fuengirola.es\/masajes-y-tratamientos\/reflexologia-podal-fuengirola\/"]}]},{"@type":"BreadcrumbList","@id":"https:\/\/www.rituals-fuengirola.es\/masajes-y-tratamientos\/reflexologia-podal-fuengirola\/#breadcrumb","itemListElement":[{"@type":"ListItem","position":1,"name":"Home","item":"https:\/\/www.rituals-fuengirola.es\/"},{"@type":"ListItem","position":2,"name":"Masajes y Tratamientos","item":"https:\/\/www.rituals-fuengirola.es\/masajes-y-tratamientos\/"},{"@type":"ListItem","position":3,"name":"Reflexolog\u00eda Podal"}]},{"@type":"WebSite","@id":"https:\/\/www.rituals-fuengirola.es\/#website","url":"https:\/\/www.rituals-fuengirola.es\/","name":"Rituals Masajes Fuengirola","description":"Masajes Fuengirola y Terapias Naturales","publisher":{"@id":"https:\/\/www.rituals-fuengirola.es\/#organization"},"potentialAction":[{"@type":"SearchAction","target":{"@type":"EntryPoint","urlTemplate":"https:\/\/www.rituals-fuengirola.es\/?s={search_term_string}"},"query-input":{"@type":"PropertyValueSpecification","valueRequired":true,"valueName":"search_term_string"}}],"inLanguage":"en-GB"},{"@type":"Organization","@id":"https:\/\/www.rituals-fuengirola.es\/#organization","name":"Rituals Fuengirola","url":"https:\/\/www.rituals-fuengirola.es\/","logo":{"@type":"ImageObject","inLanguage":"en-GB","@id":"https:\/\/www.rituals-fuengirola.es\/#\/schema\/logo\/image\/","url":"https:\/\/www.rituals-fuengirola.es\/wp-content\/uploads\/2020\/10\/cropped-logo-nuevo3.jpg","contentUrl":"https:\/\/www.rituals-fuengirola.es\/wp-content\/uploads\/2020\/10\/cropped-logo-nuevo3.jpg","width":512,"height":512,"caption":"Rituals Fuengirola"},"image":{"@id":"https:\/\/www.rituals-fuengirola.es\/#\/schema\/logo\/image\/"},"sameAs":["https:\/\/www.facebook.com\/ritualsfuengirola","https:\/\/www.instagram.com\/ritualsfuengirola\/"]}]}},"_links":{"self":[{"href":"https:\/\/www.rituals-fuengirola.es\/en\/wp-json\/wp\/v2\/pages\/3708","targetHints":{"allow":["GET"]}}],"collection":[{"href":"https:\/\/www.rituals-fuengirola.es\/en\/wp-json\/wp\/v2\/pages"}],"about":[{"href":"https:\/\/www.rituals-fuengirola.es\/en\/wp-json\/wp\/v2\/types\/page"}],"author":[{"embeddable":true,"href":"https:\/\/www.rituals-fuengirola.es\/en\/wp-json\/wp\/v2\/users\/1"}],"replies":[{"embeddable":true,"href":"https:\/\/www.rituals-fuengirola.es\/en\/wp-json\/wp\/v2\/comments?post=3708"}],"version-history":[{"count":8,"href":"https:\/\/www.rituals-fuengirola.es\/en\/wp-json\/wp\/v2\/pages\/3708\/revisions"}],"predecessor-version":[{"id":6457,"href":"https:\/\/www.rituals-fuengirola.es\/en\/wp-json\/wp\/v2\/pages\/3708\/revisions\/6457"}],"up":[{"embeddable":true,"href":"https:\/\/www.rituals-fuengirola.es\/en\/wp-json\/wp\/v2\/pages\/2035"}],"wp:attachment":[{"href":"https:\/\/www.rituals-fuengirola.es\/en\/wp-json\/wp\/v2\/media?parent=3708"}],"curies":[{"name":"wp","href":"https:\/\/api.w.org\/{rel}","templated":true}]}}