{"id":3701,"date":"2019-03-29T11:35:40","date_gmt":"2019-03-29T11:35:40","guid":{"rendered":"https:\/\/www.rituals-fuengirola.es\/?page_id=3701"},"modified":"2023-06-20T18:53:25","modified_gmt":"2023-06-20T18:53:25","slug":"masaje-con-velas-aromaticas-fuengirola","status":"publish","type":"page","link":"https:\/\/www.rituals-fuengirola.es\/en\/masajes-y-tratamientos\/masaje-con-velas-aromaticas-fuengirola\/","title":{"rendered":"Scented Candles"},"content":{"rendered":"<div class=\"wpb-content-wrapper\"><div class=\"vc_row wpb_row vc_row-fluid vc_custom_1507901663980\" ><div class=\"wpb_column vc_column_container vc_col-sm-6\"><div class=\"vc_column-inner vc_custom_1507901696384\"><div class=\"wpb_wrapper\"><div class=\"mkdf-image-gallery  mkdf-ig-slider-type mkdf-large-space\">\n\t<div class=\"mkdf-ig-slider mkdf-owl-slider\" data-number-of-items=\"1\" data-enable-loop=\"yes\" data-enable-autoplay=\"yes\" data-slider-speed=\"5000\" data-slider-speed-animation=\"600\" data-slider-padding=\"no\" data-enable-navigation=\"yes\" data-enable-pagination=\"no\">\n\t\t\t\t\t<div class=\"mkdf-ig-image\">\n\t\t\t\t\t\t\t\t\t<img decoding=\"async\" src=\"https:\/\/www.rituals-fuengirola.es\/wp-content\/uploads\/2017\/09\/masajes-velas-aromaterapia-fuengirola-3-400x300.jpg\" alt=\"masajes-velas-aromaterapia-fuengirola-3\" width=\"400\" height=\"300\" \/>\t\t\t\t\t\t\t<\/div>\n\t\t\t\t\t<div class=\"mkdf-ig-image\">\n\t\t\t\t\t\t\t\t\t<img decoding=\"async\" src=\"https:\/\/www.rituals-fuengirola.es\/wp-content\/uploads\/2018\/11\/masajes-velas-aromaterapias-fuengirola-1-400x300.jpg\" alt=\"masajes-velas-aromaterapias-fuengirola-1\" width=\"400\" height=\"300\" \/>\t\t\t\t\t\t\t<\/div>\n\t\t\t\t\t<div class=\"mkdf-ig-image\">\n\t\t\t\t\t\t\t\t\t<img decoding=\"async\" src=\"https:\/\/www.rituals-fuengirola.es\/wp-content\/uploads\/2018\/11\/masajes-velas-aromaterapia-fuengirola-2-400x300.jpg\" alt=\"masajes-velas-aromaterapia-fuengirola-2\" width=\"400\" height=\"300\" \/>\t\t\t\t\t\t\t<\/div>\n\t\t\t<\/div>\n<\/div><\/div><\/div><\/div><div class=\"wpb_column vc_column_container vc_col-sm-6\"><div class=\"vc_column-inner\"><div class=\"wpb_wrapper\">\n\t<div class=\"wpb_text_column wpb_content_element\" >\n\t\t<div class=\"wpb_wrapper\">\n\t\t\t<h4 style=\"text-align: justify;\" id=\"ritual-con-velas-aromaticas\"><span style=\"color: #000000;\">Ritual with Aromatic Candles<\/span><\/h4>\n<p style=\"text-align: justify;\"><span style=\"color: #000000;\"><\/p>\n\n\t\t<\/div>\n\t<\/div>\n<div class=\"vc_empty_space\"   style=\"height: 24px\"><span class=\"vc_empty_space_inner\"><\/span><\/div>\n\t<div class=\"wpb_text_column wpb_content_element\" >\n\t\t<div class=\"wpb_wrapper\">\n\t\t\t<p>\u00a0<\/span><\/p>\n<p style=\"text-align: justify;\"><span style=\"color: #000000;\"><strong>Description: <\/strong>massage with aromatic candles<span style=\"letter-spacing: 0.025em;\">\u00a0is a <a style=\"color: #000000;\" href=\"https:\/\/www.rituals-fuengirola.es\/en\/portfolio\/tratamientos\/\">massage<\/a> stimulating and delicate, made with a candle of hot and perfumed oil, creating an environment that invites rest and relaxation. It is intended for all those who wish to experience a special massage, wish to receive a stimulus to their senses. The candles are suitable for all skin types and any area of \u200b\u200bthe body.\u00a0<\/span>It is one of the most original and moisturizing massages due to the peculiarity of its treatment since it is made with the hot wax of the candle. Nothing is more relaxing than the contact of hot oil on the skin.\u00a0<span style=\"letter-spacing: 0.025em;\">El masaje con velas arom\u00e1ticas comprende:<\/span><\/span><\/p>\n<ul style=\"text-align: justify;\">\n<li><span style=\"color: #000000;\">Relaxing Massage With Aromatic Candles Oils<\/span><\/li>\n<li><span style=\"color: #000000;\">Head Massage<\/span><\/li>\n<li><span style=\"color: #000000;\">Organic Tea<\/span><\/li>\n<\/ul>\n<p style=\"text-align: justify;\"><span style=\"color: #000000;\"><strong>Benefits:<\/strong><\/span><\/p>\n<ul style=\"text-align: justify;\">\n<li><span style=\"color: #000000;\">First of all it improves the memory and also calms the mood.<\/span><\/li>\n<li><span style=\"color: #000000;\">Relieves tensions therefore also reduces stress.<\/span><\/li>\n<li><span style=\"color: #000000;\"><a style=\"color: #000000;\" href=\"https:\/\/www.entrepreneur.com\/article\/268548\">Harmonizes the body<\/a>, the mind and the spirit.<\/span><\/li>\n<li><span style=\"color: #000000;\">Recover the energy.<\/span><\/li>\n<li><span style=\"color: #000000;\">It balances the nervous system.<\/span><\/li>\n<li><span style=\"color: #000000;\">Improves organic functions.<\/span><\/li>\n<\/ul>\n<p style=\"text-align: justify;\"><span style=\"color: #000000;\"><strong>Prices:\u00a0<\/strong><\/span><\/p>\n<ul style=\"text-align: justify;\">\n<li><span style=\"color: #000000;\">60 min. \u2013 60 \u20ac<\/span><\/li>\n<\/ul>\n<p style=\"text-align: justify;\"><span style=\"color: #000000;\"><a itemprop=\"url\" href=\"tel:\/\/+34603323339\" target=\"_self\"  class=\"mkdf-btn mkdf-btn-medium mkdf-btn-solid\"  >\n    <span class=\"mkdf-btn-text\">Book Us<\/span>\n    <i class=\"mkdf-icon-font-awesome fa\" ><\/i>\t<\/a><\/span><\/p>\n\n\t\t<\/div>\n\t<\/div>\n<\/div><\/div><\/div><\/div><div class=\"vc_row wpb_row vc_row-fluid\" ><div class=\"wpb_column vc_column_container vc_col-sm-12\"><div class=\"vc_column-inner\"><div class=\"wpb_wrapper\"><div class=\"vc_empty_space\"   style=\"height: 80px\"><span class=\"vc_empty_space_inner\"><\/span><\/div><a itemprop=\"url\" href=\"https:\/\/www.rituals-fuengirola.es\/en\/masajes-y-tratamientos\/\" target=\"_self\"  class=\"mkdf-btn mkdf-btn-small mkdf-btn-outline mkdf-btn-icon\"  >\n    <span class=\"mkdf-btn-text\">Massages catalog<\/span>\n    <span aria-hidden=\"true\" class=\"mkdf-icon-font-elegant arrow_back\" ><\/span>\t<\/a><\/div><\/div><\/div><\/div><div class=\"vc_row wpb_row vc_row-fluid\" ><div class=\"wpb_column vc_column_container vc_col-sm-12\"><div class=\"vc_column-inner\"><div class=\"wpb_wrapper\">\n\t<div class=\"wpb_text_column wpb_content_element\" >\n\t\t<div class=\"wpb_wrapper\">\n\t\t\t\n\t\t<\/div>\n\t<\/div>\n<\/div><\/div><\/div><\/div>\n<\/div>","protected":false},"excerpt":{"rendered":"ritual con velas arom\u00e1ticas \u00a0 Descripci\u00f3n: el masaje con velas arom\u00e1ticas\u00a0es un masaje estimulante y delicado, realizado con una vela de aceite caliente y perfumada, creando un ambiente que invite al descanso y al relax. Est\u00e1 destinado a todas aquellas [...]","protected":false},"author":1,"featured_media":0,"parent":2035,"menu_order":0,"comment_status":"closed","ping_status":"closed","template":"","meta":{"_exactmetrics_skip_tracking":false,"_exactmetrics_sitenote_active":false,"_exactmetrics_sitenote_note":"","_exactmetrics_sitenote_category":0,"footnotes":""},"class_list":["post-3701","page","type-page","status-publish","hentry"],"yoast_head":"<!-- This site is optimized with the Yoast SEO plugin v27.2 - https:\/\/yoast.com\/product\/yoast-seo-wordpress\/ -->\n<title>Masaje Velas Arom\u00e1ticas &#8211; Cat\u00e1logo Masajes Rituals Masajes Fuengirola<\/title>\n<meta name=\"description\" content=\"El masaje con velas arom\u00e1ticas es un masaje estimulante y delicado, realizado con las mejores velas aromatizadas, creando un ambiente que invite al relax.\" \/>\n<meta name=\"robots\" content=\"index, follow, max-snippet:-1, max-image-preview:large, max-video-preview:-1\" \/>\n<link rel=\"canonical\" href=\"https:\/\/www.rituals-fuengirola.es\/en\/masajes-y-tratamientos\/masaje-con-velas-aromaticas-fuengirola\/\" \/>\n<meta property=\"og:locale\" content=\"en_GB\" \/>\n<meta property=\"og:type\" content=\"article\" \/>\n<meta property=\"og:title\" content=\"Masaje Velas Arom\u00e1ticas &#8211; Cat\u00e1logo Masajes Rituals Masajes Fuengirola\" \/>\n<meta property=\"og:description\" content=\"El masaje con velas arom\u00e1ticas es un masaje estimulante y delicado, realizado con las mejores velas aromatizadas, creando un ambiente que invite al relax.\" \/>\n<meta property=\"og:url\" content=\"https:\/\/www.rituals-fuengirola.es\/en\/masajes-y-tratamientos\/masaje-con-velas-aromaticas-fuengirola\/\" \/>\n<meta property=\"og:site_name\" content=\"Rituals Masajes Fuengirola\" \/>\n<meta property=\"article:publisher\" content=\"https:\/\/www.facebook.com\/ritualsfuengirola\" \/>\n<meta property=\"article:modified_time\" content=\"2023-06-20T18:53:25+00:00\" \/>\n<meta name=\"twitter:card\" content=\"summary_large_image\" \/>\n<meta name=\"twitter:label1\" content=\"Estimated reading time\" \/>\n\t<meta name=\"twitter:data1\" content=\"2 minutes\" \/>\n<script type=\"application\/ld+json\" class=\"yoast-schema-graph\">{\"@context\":\"https:\/\/schema.org\",\"@graph\":[{\"@type\":\"WebPage\",\"@id\":\"https:\/\/www.rituals-fuengirola.es\/masajes-y-tratamientos\/masaje-con-velas-aromaticas-fuengirola\/\",\"url\":\"https:\/\/www.rituals-fuengirola.es\/masajes-y-tratamientos\/masaje-con-velas-aromaticas-fuengirola\/\",\"name\":\"Masaje Velas Arom\u00e1ticas &#8211; Cat\u00e1logo Masajes Rituals Masajes Fuengirola\",\"isPartOf\":{\"@id\":\"https:\/\/www.rituals-fuengirola.es\/#website\"},\"datePublished\":\"2019-03-29T11:35:40+00:00\",\"dateModified\":\"2023-06-20T18:53:25+00:00\",\"description\":\"El masaje con velas arom\u00e1ticas es un masaje estimulante y delicado, realizado con las mejores velas aromatizadas, creando un ambiente que invite al relax.\",\"breadcrumb\":{\"@id\":\"https:\/\/www.rituals-fuengirola.es\/masajes-y-tratamientos\/masaje-con-velas-aromaticas-fuengirola\/#breadcrumb\"},\"inLanguage\":\"en-GB\",\"potentialAction\":[{\"@type\":\"ReadAction\",\"target\":[\"https:\/\/www.rituals-fuengirola.es\/masajes-y-tratamientos\/masaje-con-velas-aromaticas-fuengirola\/\"]}]},{\"@type\":\"BreadcrumbList\",\"@id\":\"https:\/\/www.rituals-fuengirola.es\/masajes-y-tratamientos\/masaje-con-velas-aromaticas-fuengirola\/#breadcrumb\",\"itemListElement\":[{\"@type\":\"ListItem\",\"position\":1,\"name\":\"Home\",\"item\":\"https:\/\/www.rituals-fuengirola.es\/\"},{\"@type\":\"ListItem\",\"position\":2,\"name\":\"Masajes y Tratamientos\",\"item\":\"https:\/\/www.rituals-fuengirola.es\/masajes-y-tratamientos\/\"},{\"@type\":\"ListItem\",\"position\":3,\"name\":\"Velas Arom\u00e1ticas\"}]},{\"@type\":\"WebSite\",\"@id\":\"https:\/\/www.rituals-fuengirola.es\/#website\",\"url\":\"https:\/\/www.rituals-fuengirola.es\/\",\"name\":\"Rituals Masajes Fuengirola\",\"description\":\"Masajes Fuengirola y Terapias Naturales\",\"publisher\":{\"@id\":\"https:\/\/www.rituals-fuengirola.es\/#organization\"},\"potentialAction\":[{\"@type\":\"SearchAction\",\"target\":{\"@type\":\"EntryPoint\",\"urlTemplate\":\"https:\/\/www.rituals-fuengirola.es\/?s={search_term_string}\"},\"query-input\":{\"@type\":\"PropertyValueSpecification\",\"valueRequired\":true,\"valueName\":\"search_term_string\"}}],\"inLanguage\":\"en-GB\"},{\"@type\":\"Organization\",\"@id\":\"https:\/\/www.rituals-fuengirola.es\/#organization\",\"name\":\"Rituals Fuengirola\",\"url\":\"https:\/\/www.rituals-fuengirola.es\/\",\"logo\":{\"@type\":\"ImageObject\",\"inLanguage\":\"en-GB\",\"@id\":\"https:\/\/www.rituals-fuengirola.es\/#\/schema\/logo\/image\/\",\"url\":\"https:\/\/www.rituals-fuengirola.es\/wp-content\/uploads\/2020\/10\/cropped-logo-nuevo3.jpg\",\"contentUrl\":\"https:\/\/www.rituals-fuengirola.es\/wp-content\/uploads\/2020\/10\/cropped-logo-nuevo3.jpg\",\"width\":512,\"height\":512,\"caption\":\"Rituals Fuengirola\"},\"image\":{\"@id\":\"https:\/\/www.rituals-fuengirola.es\/#\/schema\/logo\/image\/\"},\"sameAs\":[\"https:\/\/www.facebook.com\/ritualsfuengirola\",\"https:\/\/www.instagram.com\/ritualsfuengirola\/\"]}]}<\/script>\n<!-- \/ Yoast SEO plugin. -->","yoast_head_json":{"title":"Masaje Velas Arom\u00e1ticas &#8211; Cat\u00e1logo Masajes Rituals Masajes Fuengirola","description":"El masaje con velas arom\u00e1ticas es un masaje estimulante y delicado, realizado con las mejores velas aromatizadas, creando un ambiente que invite al relax.","robots":{"index":"index","follow":"follow","max-snippet":"max-snippet:-1","max-image-preview":"max-image-preview:large","max-video-preview":"max-video-preview:-1"},"canonical":"https:\/\/www.rituals-fuengirola.es\/en\/masajes-y-tratamientos\/masaje-con-velas-aromaticas-fuengirola\/","og_locale":"en_GB","og_type":"article","og_title":"Masaje Velas Arom\u00e1ticas &#8211; Cat\u00e1logo Masajes Rituals Masajes Fuengirola","og_description":"El masaje con velas arom\u00e1ticas es un masaje estimulante y delicado, realizado con las mejores velas aromatizadas, creando un ambiente que invite al relax.","og_url":"https:\/\/www.rituals-fuengirola.es\/en\/masajes-y-tratamientos\/masaje-con-velas-aromaticas-fuengirola\/","og_site_name":"Rituals Masajes Fuengirola","article_publisher":"https:\/\/www.facebook.com\/ritualsfuengirola","article_modified_time":"2023-06-20T18:53:25+00:00","twitter_card":"summary_large_image","twitter_misc":{"Estimated reading time":"2 minutes"},"schema":{"@context":"https:\/\/schema.org","@graph":[{"@type":"WebPage","@id":"https:\/\/www.rituals-fuengirola.es\/masajes-y-tratamientos\/masaje-con-velas-aromaticas-fuengirola\/","url":"https:\/\/www.rituals-fuengirola.es\/masajes-y-tratamientos\/masaje-con-velas-aromaticas-fuengirola\/","name":"Masaje Velas Arom\u00e1ticas &#8211; Cat\u00e1logo Masajes Rituals Masajes Fuengirola","isPartOf":{"@id":"https:\/\/www.rituals-fuengirola.es\/#website"},"datePublished":"2019-03-29T11:35:40+00:00","dateModified":"2023-06-20T18:53:25+00:00","description":"El masaje con velas arom\u00e1ticas es un masaje estimulante y delicado, realizado con las mejores velas aromatizadas, creando un ambiente que invite al relax.","breadcrumb":{"@id":"https:\/\/www.rituals-fuengirola.es\/masajes-y-tratamientos\/masaje-con-velas-aromaticas-fuengirola\/#breadcrumb"},"inLanguage":"en-GB","potentialAction":[{"@type":"ReadAction","target":["https:\/\/www.rituals-fuengirola.es\/masajes-y-tratamientos\/masaje-con-velas-aromaticas-fuengirola\/"]}]},{"@type":"BreadcrumbList","@id":"https:\/\/www.rituals-fuengirola.es\/masajes-y-tratamientos\/masaje-con-velas-aromaticas-fuengirola\/#breadcrumb","itemListElement":[{"@type":"ListItem","position":1,"name":"Home","item":"https:\/\/www.rituals-fuengirola.es\/"},{"@type":"ListItem","position":2,"name":"Masajes y Tratamientos","item":"https:\/\/www.rituals-fuengirola.es\/masajes-y-tratamientos\/"},{"@type":"ListItem","position":3,"name":"Velas Arom\u00e1ticas"}]},{"@type":"WebSite","@id":"https:\/\/www.rituals-fuengirola.es\/#website","url":"https:\/\/www.rituals-fuengirola.es\/","name":"Rituals Masajes Fuengirola","description":"Masajes Fuengirola y Terapias Naturales","publisher":{"@id":"https:\/\/www.rituals-fuengirola.es\/#organization"},"potentialAction":[{"@type":"SearchAction","target":{"@type":"EntryPoint","urlTemplate":"https:\/\/www.rituals-fuengirola.es\/?s={search_term_string}"},"query-input":{"@type":"PropertyValueSpecification","valueRequired":true,"valueName":"search_term_string"}}],"inLanguage":"en-GB"},{"@type":"Organization","@id":"https:\/\/www.rituals-fuengirola.es\/#organization","name":"Rituals Fuengirola","url":"https:\/\/www.rituals-fuengirola.es\/","logo":{"@type":"ImageObject","inLanguage":"en-GB","@id":"https:\/\/www.rituals-fuengirola.es\/#\/schema\/logo\/image\/","url":"https:\/\/www.rituals-fuengirola.es\/wp-content\/uploads\/2020\/10\/cropped-logo-nuevo3.jpg","contentUrl":"https:\/\/www.rituals-fuengirola.es\/wp-content\/uploads\/2020\/10\/cropped-logo-nuevo3.jpg","width":512,"height":512,"caption":"Rituals Fuengirola"},"image":{"@id":"https:\/\/www.rituals-fuengirola.es\/#\/schema\/logo\/image\/"},"sameAs":["https:\/\/www.facebook.com\/ritualsfuengirola","https:\/\/www.instagram.com\/ritualsfuengirola\/"]}]}},"_links":{"self":[{"href":"https:\/\/www.rituals-fuengirola.es\/en\/wp-json\/wp\/v2\/pages\/3701","targetHints":{"allow":["GET"]}}],"collection":[{"href":"https:\/\/www.rituals-fuengirola.es\/en\/wp-json\/wp\/v2\/pages"}],"about":[{"href":"https:\/\/www.rituals-fuengirola.es\/en\/wp-json\/wp\/v2\/types\/page"}],"author":[{"embeddable":true,"href":"https:\/\/www.rituals-fuengirola.es\/en\/wp-json\/wp\/v2\/users\/1"}],"replies":[{"embeddable":true,"href":"https:\/\/www.rituals-fuengirola.es\/en\/wp-json\/wp\/v2\/comments?post=3701"}],"version-history":[{"count":7,"href":"https:\/\/www.rituals-fuengirola.es\/en\/wp-json\/wp\/v2\/pages\/3701\/revisions"}],"predecessor-version":[{"id":6448,"href":"https:\/\/www.rituals-fuengirola.es\/en\/wp-json\/wp\/v2\/pages\/3701\/revisions\/6448"}],"up":[{"embeddable":true,"href":"https:\/\/www.rituals-fuengirola.es\/en\/wp-json\/wp\/v2\/pages\/2035"}],"wp:attachment":[{"href":"https:\/\/www.rituals-fuengirola.es\/en\/wp-json\/wp\/v2\/media?parent=3701"}],"curies":[{"name":"wp","href":"https:\/\/api.w.org\/{rel}","templated":true}]}}