{"id":3694,"date":"2019-03-28T20:43:17","date_gmt":"2019-03-28T20:43:17","guid":{"rendered":"https:\/\/www.rituals-fuengirola.es\/?page_id=3694"},"modified":"2023-06-20T12:38:37","modified_gmt":"2023-06-20T12:38:37","slug":"chocolaterapia-fuengirola","status":"publish","type":"page","link":"https:\/\/www.rituals-fuengirola.es\/en\/masajes-y-tratamientos\/chocolaterapia-fuengirola\/","title":{"rendered":"Chocolaterapia"},"content":{"rendered":"<div class=\"wpb-content-wrapper\"><div class=\"vc_row wpb_row vc_row-fluid\" ><div class=\"wpb_column vc_column_container vc_col-sm-12\"><div class=\"vc_column-inner\"><div class=\"wpb_wrapper\">\n\t<div class=\"wpb_text_column wpb_content_element\" >\n\t\t<div class=\"wpb_wrapper\">\n\t\t\t<p style=\"text-align: justify;\"><span style=\"color: #000000;\"><\/p>\n\n\t\t<\/div>\n\t<\/div>\n<\/div><\/div><\/div><\/div><div class=\"vc_row wpb_row vc_row-fluid\" ><div class=\"wpb_column vc_column_container vc_col-sm-6\"><div class=\"vc_column-inner\"><div class=\"wpb_wrapper\"><div class=\"mkdf-image-gallery  mkdf-ig-slider-type mkdf-large-space\">\n\t<div class=\"mkdf-ig-slider mkdf-owl-slider\" data-number-of-items=\"1\" data-enable-loop=\"yes\" data-enable-autoplay=\"yes\" data-slider-speed=\"5000\" data-slider-speed-animation=\"600\" data-slider-padding=\"no\" data-enable-navigation=\"yes\" data-enable-pagination=\"no\">\n\t\t\t\t\t<div class=\"mkdf-ig-image\">\n\t\t\t\t\t\t\t\t\t<img decoding=\"async\" src=\"https:\/\/www.rituals-fuengirola.es\/wp-content\/uploads\/2018\/11\/chocolaterapia-fuengirola-01-400x300.jpg\" alt=\"masajes-chocolaterapia-fuengirola\" width=\"400\" height=\"300\" \/>\t\t\t\t\t\t\t<\/div>\n\t\t\t\t\t<div class=\"mkdf-ig-image\">\n\t\t\t\t\t\t\t\t\t<img decoding=\"async\" src=\"https:\/\/www.rituals-fuengirola.es\/wp-content\/uploads\/2017\/09\/chocolaterapia-fuengirola-03-400x300.jpg\" alt=\"ritual-chocolaterapia-fuengirola 02\" width=\"400\" height=\"300\" \/>\t\t\t\t\t\t\t<\/div>\n\t\t\t\t\t<div class=\"mkdf-ig-image\">\n\t\t\t\t\t\t\t\t\t<img decoding=\"async\" src=\"https:\/\/www.rituals-fuengirola.es\/wp-content\/uploads\/2017\/09\/chocolaterapia-fuengirola-02-400x300.jpg\" alt=\"ritual-chocolaterapia-fuengirola 01\" width=\"400\" height=\"300\" \/>\t\t\t\t\t\t\t<\/div>\n\t\t\t<\/div>\n<\/div><\/div><\/div><\/div><div class=\"wpb_column vc_column_container vc_col-sm-6\"><div class=\"vc_column-inner\"><div class=\"wpb_wrapper\">\n\t<div class=\"wpb_text_column wpb_content_element\" >\n\t\t<div class=\"wpb_wrapper\">\n\t\t\t<p><\/span><\/p>\n<h4 style=\"text-align: justify;\" id=\"chocolaterapia\"><span style=\"color: #000000;\">chocolaterapia<\/span><\/h4>\n<p style=\"text-align: justify;\"><span style=\"color: #000000;\"><\/p>\n\n\t\t<\/div>\n\t<\/div>\n<div class=\"vc_empty_space\"   style=\"height: 24px\"><span class=\"vc_empty_space_inner\"><\/span><\/div>\n\t<div class=\"wpb_text_column wpb_content_element\" >\n\t\t<div class=\"wpb_wrapper\">\n\t\t\t<p>\u00a0<\/span><\/p>\n<p style=\"text-align: justify;\"><span style=\"color: #000000;\"><strong>Description: <\/strong>chocolaterapia ritual is a technique that uses as a main element the cocoa transformed into <a style=\"color: #000000;\" href=\"https:\/\/es.wikipedia.org\/wiki\/Chocolate\">chocolate<\/a>. Is applied on the skin, to absorb topically all the properties it offers, in addition to improving our skin health and our appearance and our well-being. For the realization of <a style=\"color: #000000;\" href=\"https:\/\/www.rituals-fuengirola.es\/en\/portfolio\/tratamientos\/\">aesthetic treatments<\/a> of chocolate therapy 100% cocoa is used and the application can be made in the form of massage or bath. The ritual comprises:<\/span><\/p>\n<ul style=\"text-align: justify;\">\n<li><span style=\"color: #000000;\">Complete exfoliation of pure chocolate<\/span><\/li>\n<li><span style=\"color: #000000;\">Cocoa wrap.<\/span><\/li>\n<li><span style=\"color: #000000;\">Relaxing massage.<\/span><\/li>\n<li><span style=\"color: #000000;\">Relaxing Organic Tea.<\/span><\/li>\n<\/ul>\n<p style=\"text-align: justify;\"><span style=\"color: #000000;\"><strong>Benefits:<\/strong><\/span><\/p>\n<ul style=\"text-align: justify;\">\n<li><span style=\"color: #000000;\">First, it improves circulation.<\/span><\/li>\n<li><span style=\"color: #000000;\">Second, it nourishes the skin from the outside, thanks to its content in trace elements that remineralize the metabolism.<\/span><\/li>\n<li><span style=\"color: #000000;\">It helps the person to relax and is useful when dealing with stress.<\/span><\/li>\n<li><span style=\"color: #000000;\">It provides skin tannins, theobromine and polyphenols, all-natural antioxidants that combat skin aging.<\/span><\/li>\n<li><span style=\"color: #000000;\">Finally it helps fight cellulite.<\/span><\/li>\n<\/ul>\n<p style=\"text-align: justify;\"><span style=\"color: #000000;\"><strong>Prices:<\/strong><\/span><\/p>\n<ul style=\"text-align: justify;\">\n<li><span style=\"color: #000000;\">60 min. \u2013 85 \u20ac<\/span><\/li>\n<\/ul>\n<p style=\"text-align: justify;\"><span style=\"color: #000000;\"><a itemprop=\"url\" href=\"tel:\/\/+34603323339\" target=\"_self\"  class=\"mkdf-btn mkdf-btn-medium mkdf-btn-solid\"  >\n    <span class=\"mkdf-btn-text\">Book Us<\/span>\n    <i class=\"mkdf-icon-font-awesome fa\" ><\/i>\t<\/a><\/span><\/p>\n\n\t\t<\/div>\n\t<\/div>\n<\/div><\/div><\/div><\/div><div class=\"vc_row wpb_row vc_row-fluid\" ><div class=\"wpb_column vc_column_container vc_col-sm-12\"><div class=\"vc_column-inner\"><div class=\"wpb_wrapper\"><div class=\"vc_empty_space\"   style=\"height: 80px\"><span class=\"vc_empty_space_inner\"><\/span><\/div><a itemprop=\"url\" href=\"https:\/\/www.rituals-fuengirola.es\/en\/masajes-y-tratamientos\/\" target=\"_self\"  class=\"mkdf-btn mkdf-btn-small mkdf-btn-outline mkdf-btn-icon\"  >\n    <span class=\"mkdf-btn-text\">Massages catalog<\/span>\n    <span aria-hidden=\"true\" class=\"mkdf-icon-font-elegant arrow_back\" ><\/span>\t<\/a><\/div><\/div><\/div><\/div><div class=\"vc_row wpb_row vc_row-fluid\" ><div class=\"wpb_column vc_column_container vc_col-sm-12\"><div class=\"vc_column-inner\"><div class=\"wpb_wrapper\">\n\t<div class=\"wpb_text_column wpb_content_element\" >\n\t\t<div class=\"wpb_wrapper\">\n\t\t\t\n\t\t<\/div>\n\t<\/div>\n<\/div><\/div><\/div><\/div>\n<\/div>","protected":false},"excerpt":{"rendered":"chocolaterapia \u00a0 Descripci\u00f3n: el ritual chocolaterapia\u00a0es una t\u00e9cnica que usa como elemento principal el cacao transformado en chocolate. Este ultimo viene aplicado sobre la piel, para absorber por v\u00eda t\u00f3pica todas las propiedades que nos ofrece, adem\u00e1s para mejorar nuestra [...]","protected":false},"author":1,"featured_media":2957,"parent":2035,"menu_order":0,"comment_status":"closed","ping_status":"closed","template":"","meta":{"_exactmetrics_skip_tracking":false,"_exactmetrics_sitenote_active":false,"_exactmetrics_sitenote_note":"","_exactmetrics_sitenote_category":0,"footnotes":""},"class_list":["post-3694","page","type-page","status-publish","has-post-thumbnail","hentry"],"yoast_head":"<!-- This site is optimized with the Yoast SEO plugin v27.2 - https:\/\/yoast.com\/product\/yoast-seo-wordpress\/ -->\n<title>Chocolaterapia &#8211; Rituals Masajes Fuengirola<\/title>\n<meta name=\"description\" content=\"La chocolaterapia\u00a0es una t\u00e9cnica que usa como elemento principal el cacao transformado en chocolate y aplicado sobre la piel.\" \/>\n<meta name=\"robots\" content=\"index, follow, max-snippet:-1, max-image-preview:large, max-video-preview:-1\" \/>\n<link rel=\"canonical\" href=\"https:\/\/www.rituals-fuengirola.es\/en\/masajes-y-tratamientos\/chocolaterapia-fuengirola\/\" \/>\n<meta property=\"og:locale\" content=\"en_GB\" \/>\n<meta property=\"og:type\" content=\"article\" \/>\n<meta property=\"og:title\" content=\"Chocolaterapia &#8211; Rituals Masajes Fuengirola\" \/>\n<meta property=\"og:description\" content=\"La chocolaterapia\u00a0es una t\u00e9cnica que usa como elemento principal el cacao transformado en chocolate y aplicado sobre la piel.\" \/>\n<meta property=\"og:url\" content=\"https:\/\/www.rituals-fuengirola.es\/en\/masajes-y-tratamientos\/chocolaterapia-fuengirola\/\" \/>\n<meta property=\"og:site_name\" content=\"Rituals Masajes Fuengirola\" \/>\n<meta property=\"article:publisher\" content=\"https:\/\/www.facebook.com\/ritualsfuengirola\" \/>\n<meta property=\"article:modified_time\" content=\"2023-06-20T12:38:37+00:00\" \/>\n<meta property=\"og:image\" content=\"https:\/\/www.rituals-fuengirola.es\/wp-content\/uploads\/2017\/09\/chocolaterapia-fuengirola-03.jpg\" \/>\n\t<meta property=\"og:image:width\" content=\"800\" \/>\n\t<meta property=\"og:image:height\" content=\"600\" \/>\n\t<meta property=\"og:image:type\" content=\"image\/jpeg\" \/>\n<meta name=\"twitter:card\" content=\"summary_large_image\" \/>\n<meta name=\"twitter:label1\" content=\"Estimated reading time\" \/>\n\t<meta name=\"twitter:data1\" content=\"1 minute\" \/>\n<script type=\"application\/ld+json\" class=\"yoast-schema-graph\">{\"@context\":\"https:\/\/schema.org\",\"@graph\":[{\"@type\":\"WebPage\",\"@id\":\"https:\/\/www.rituals-fuengirola.es\/masajes-y-tratamientos\/chocolaterapia-fuengirola\/\",\"url\":\"https:\/\/www.rituals-fuengirola.es\/masajes-y-tratamientos\/chocolaterapia-fuengirola\/\",\"name\":\"Chocolaterapia &#8211; Rituals Masajes Fuengirola\",\"isPartOf\":{\"@id\":\"https:\/\/www.rituals-fuengirola.es\/#website\"},\"primaryImageOfPage\":{\"@id\":\"https:\/\/www.rituals-fuengirola.es\/masajes-y-tratamientos\/chocolaterapia-fuengirola\/#primaryimage\"},\"image\":{\"@id\":\"https:\/\/www.rituals-fuengirola.es\/masajes-y-tratamientos\/chocolaterapia-fuengirola\/#primaryimage\"},\"thumbnailUrl\":\"https:\/\/www.rituals-fuengirola.es\/wp-content\/uploads\/2017\/09\/chocolaterapia-fuengirola-03.jpg\",\"datePublished\":\"2019-03-28T20:43:17+00:00\",\"dateModified\":\"2023-06-20T12:38:37+00:00\",\"description\":\"La chocolaterapia\u00a0es una t\u00e9cnica que usa como elemento principal el cacao transformado en chocolate y aplicado sobre la piel.\",\"breadcrumb\":{\"@id\":\"https:\/\/www.rituals-fuengirola.es\/masajes-y-tratamientos\/chocolaterapia-fuengirola\/#breadcrumb\"},\"inLanguage\":\"en-GB\",\"potentialAction\":[{\"@type\":\"ReadAction\",\"target\":[\"https:\/\/www.rituals-fuengirola.es\/masajes-y-tratamientos\/chocolaterapia-fuengirola\/\"]}]},{\"@type\":\"ImageObject\",\"inLanguage\":\"en-GB\",\"@id\":\"https:\/\/www.rituals-fuengirola.es\/masajes-y-tratamientos\/chocolaterapia-fuengirola\/#primaryimage\",\"url\":\"https:\/\/www.rituals-fuengirola.es\/wp-content\/uploads\/2017\/09\/chocolaterapia-fuengirola-03.jpg\",\"contentUrl\":\"https:\/\/www.rituals-fuengirola.es\/wp-content\/uploads\/2017\/09\/chocolaterapia-fuengirola-03.jpg\",\"width\":800,\"height\":600,\"caption\":\"ritual-chocolaterapia-fuengirola 02\"},{\"@type\":\"BreadcrumbList\",\"@id\":\"https:\/\/www.rituals-fuengirola.es\/masajes-y-tratamientos\/chocolaterapia-fuengirola\/#breadcrumb\",\"itemListElement\":[{\"@type\":\"ListItem\",\"position\":1,\"name\":\"Home\",\"item\":\"https:\/\/www.rituals-fuengirola.es\/\"},{\"@type\":\"ListItem\",\"position\":2,\"name\":\"Masajes y Tratamientos\",\"item\":\"https:\/\/www.rituals-fuengirola.es\/masajes-y-tratamientos\/\"},{\"@type\":\"ListItem\",\"position\":3,\"name\":\"Chocolaterapia\"}]},{\"@type\":\"WebSite\",\"@id\":\"https:\/\/www.rituals-fuengirola.es\/#website\",\"url\":\"https:\/\/www.rituals-fuengirola.es\/\",\"name\":\"Rituals Masajes Fuengirola\",\"description\":\"Masajes Fuengirola y Terapias Naturales\",\"publisher\":{\"@id\":\"https:\/\/www.rituals-fuengirola.es\/#organization\"},\"potentialAction\":[{\"@type\":\"SearchAction\",\"target\":{\"@type\":\"EntryPoint\",\"urlTemplate\":\"https:\/\/www.rituals-fuengirola.es\/?s={search_term_string}\"},\"query-input\":{\"@type\":\"PropertyValueSpecification\",\"valueRequired\":true,\"valueName\":\"search_term_string\"}}],\"inLanguage\":\"en-GB\"},{\"@type\":\"Organization\",\"@id\":\"https:\/\/www.rituals-fuengirola.es\/#organization\",\"name\":\"Rituals Fuengirola\",\"url\":\"https:\/\/www.rituals-fuengirola.es\/\",\"logo\":{\"@type\":\"ImageObject\",\"inLanguage\":\"en-GB\",\"@id\":\"https:\/\/www.rituals-fuengirola.es\/#\/schema\/logo\/image\/\",\"url\":\"https:\/\/www.rituals-fuengirola.es\/wp-content\/uploads\/2020\/10\/cropped-logo-nuevo3.jpg\",\"contentUrl\":\"https:\/\/www.rituals-fuengirola.es\/wp-content\/uploads\/2020\/10\/cropped-logo-nuevo3.jpg\",\"width\":512,\"height\":512,\"caption\":\"Rituals Fuengirola\"},\"image\":{\"@id\":\"https:\/\/www.rituals-fuengirola.es\/#\/schema\/logo\/image\/\"},\"sameAs\":[\"https:\/\/www.facebook.com\/ritualsfuengirola\",\"https:\/\/www.instagram.com\/ritualsfuengirola\/\"]}]}<\/script>\n<!-- \/ Yoast SEO plugin. -->","yoast_head_json":{"title":"Chocolaterapia &#8211; Rituals Masajes Fuengirola","description":"La chocolaterapia\u00a0es una t\u00e9cnica que usa como elemento principal el cacao transformado en chocolate y aplicado sobre la piel.","robots":{"index":"index","follow":"follow","max-snippet":"max-snippet:-1","max-image-preview":"max-image-preview:large","max-video-preview":"max-video-preview:-1"},"canonical":"https:\/\/www.rituals-fuengirola.es\/en\/masajes-y-tratamientos\/chocolaterapia-fuengirola\/","og_locale":"en_GB","og_type":"article","og_title":"Chocolaterapia &#8211; Rituals Masajes Fuengirola","og_description":"La chocolaterapia\u00a0es una t\u00e9cnica que usa como elemento principal el cacao transformado en chocolate y aplicado sobre la piel.","og_url":"https:\/\/www.rituals-fuengirola.es\/en\/masajes-y-tratamientos\/chocolaterapia-fuengirola\/","og_site_name":"Rituals Masajes Fuengirola","article_publisher":"https:\/\/www.facebook.com\/ritualsfuengirola","article_modified_time":"2023-06-20T12:38:37+00:00","og_image":[{"width":800,"height":600,"url":"https:\/\/www.rituals-fuengirola.es\/wp-content\/uploads\/2017\/09\/chocolaterapia-fuengirola-03.jpg","type":"image\/jpeg"}],"twitter_card":"summary_large_image","twitter_misc":{"Estimated reading time":"1 minute"},"schema":{"@context":"https:\/\/schema.org","@graph":[{"@type":"WebPage","@id":"https:\/\/www.rituals-fuengirola.es\/masajes-y-tratamientos\/chocolaterapia-fuengirola\/","url":"https:\/\/www.rituals-fuengirola.es\/masajes-y-tratamientos\/chocolaterapia-fuengirola\/","name":"Chocolaterapia &#8211; Rituals Masajes Fuengirola","isPartOf":{"@id":"https:\/\/www.rituals-fuengirola.es\/#website"},"primaryImageOfPage":{"@id":"https:\/\/www.rituals-fuengirola.es\/masajes-y-tratamientos\/chocolaterapia-fuengirola\/#primaryimage"},"image":{"@id":"https:\/\/www.rituals-fuengirola.es\/masajes-y-tratamientos\/chocolaterapia-fuengirola\/#primaryimage"},"thumbnailUrl":"https:\/\/www.rituals-fuengirola.es\/wp-content\/uploads\/2017\/09\/chocolaterapia-fuengirola-03.jpg","datePublished":"2019-03-28T20:43:17+00:00","dateModified":"2023-06-20T12:38:37+00:00","description":"La chocolaterapia\u00a0es una t\u00e9cnica que usa como elemento principal el cacao transformado en chocolate y aplicado sobre la piel.","breadcrumb":{"@id":"https:\/\/www.rituals-fuengirola.es\/masajes-y-tratamientos\/chocolaterapia-fuengirola\/#breadcrumb"},"inLanguage":"en-GB","potentialAction":[{"@type":"ReadAction","target":["https:\/\/www.rituals-fuengirola.es\/masajes-y-tratamientos\/chocolaterapia-fuengirola\/"]}]},{"@type":"ImageObject","inLanguage":"en-GB","@id":"https:\/\/www.rituals-fuengirola.es\/masajes-y-tratamientos\/chocolaterapia-fuengirola\/#primaryimage","url":"https:\/\/www.rituals-fuengirola.es\/wp-content\/uploads\/2017\/09\/chocolaterapia-fuengirola-03.jpg","contentUrl":"https:\/\/www.rituals-fuengirola.es\/wp-content\/uploads\/2017\/09\/chocolaterapia-fuengirola-03.jpg","width":800,"height":600,"caption":"ritual-chocolaterapia-fuengirola 02"},{"@type":"BreadcrumbList","@id":"https:\/\/www.rituals-fuengirola.es\/masajes-y-tratamientos\/chocolaterapia-fuengirola\/#breadcrumb","itemListElement":[{"@type":"ListItem","position":1,"name":"Home","item":"https:\/\/www.rituals-fuengirola.es\/"},{"@type":"ListItem","position":2,"name":"Masajes y Tratamientos","item":"https:\/\/www.rituals-fuengirola.es\/masajes-y-tratamientos\/"},{"@type":"ListItem","position":3,"name":"Chocolaterapia"}]},{"@type":"WebSite","@id":"https:\/\/www.rituals-fuengirola.es\/#website","url":"https:\/\/www.rituals-fuengirola.es\/","name":"Rituals Masajes Fuengirola","description":"Masajes Fuengirola y Terapias Naturales","publisher":{"@id":"https:\/\/www.rituals-fuengirola.es\/#organization"},"potentialAction":[{"@type":"SearchAction","target":{"@type":"EntryPoint","urlTemplate":"https:\/\/www.rituals-fuengirola.es\/?s={search_term_string}"},"query-input":{"@type":"PropertyValueSpecification","valueRequired":true,"valueName":"search_term_string"}}],"inLanguage":"en-GB"},{"@type":"Organization","@id":"https:\/\/www.rituals-fuengirola.es\/#organization","name":"Rituals Fuengirola","url":"https:\/\/www.rituals-fuengirola.es\/","logo":{"@type":"ImageObject","inLanguage":"en-GB","@id":"https:\/\/www.rituals-fuengirola.es\/#\/schema\/logo\/image\/","url":"https:\/\/www.rituals-fuengirola.es\/wp-content\/uploads\/2020\/10\/cropped-logo-nuevo3.jpg","contentUrl":"https:\/\/www.rituals-fuengirola.es\/wp-content\/uploads\/2020\/10\/cropped-logo-nuevo3.jpg","width":512,"height":512,"caption":"Rituals Fuengirola"},"image":{"@id":"https:\/\/www.rituals-fuengirola.es\/#\/schema\/logo\/image\/"},"sameAs":["https:\/\/www.facebook.com\/ritualsfuengirola","https:\/\/www.instagram.com\/ritualsfuengirola\/"]}]}},"_links":{"self":[{"href":"https:\/\/www.rituals-fuengirola.es\/en\/wp-json\/wp\/v2\/pages\/3694","targetHints":{"allow":["GET"]}}],"collection":[{"href":"https:\/\/www.rituals-fuengirola.es\/en\/wp-json\/wp\/v2\/pages"}],"about":[{"href":"https:\/\/www.rituals-fuengirola.es\/en\/wp-json\/wp\/v2\/types\/page"}],"author":[{"embeddable":true,"href":"https:\/\/www.rituals-fuengirola.es\/en\/wp-json\/wp\/v2\/users\/1"}],"replies":[{"embeddable":true,"href":"https:\/\/www.rituals-fuengirola.es\/en\/wp-json\/wp\/v2\/comments?post=3694"}],"version-history":[{"count":3,"href":"https:\/\/www.rituals-fuengirola.es\/en\/wp-json\/wp\/v2\/pages\/3694\/revisions"}],"predecessor-version":[{"id":6435,"href":"https:\/\/www.rituals-fuengirola.es\/en\/wp-json\/wp\/v2\/pages\/3694\/revisions\/6435"}],"up":[{"embeddable":true,"href":"https:\/\/www.rituals-fuengirola.es\/en\/wp-json\/wp\/v2\/pages\/2035"}],"wp:featuredmedia":[{"embeddable":true,"href":"https:\/\/www.rituals-fuengirola.es\/en\/wp-json\/wp\/v2\/media\/2957"}],"wp:attachment":[{"href":"https:\/\/www.rituals-fuengirola.es\/en\/wp-json\/wp\/v2\/media?parent=3694"}],"curies":[{"name":"wp","href":"https:\/\/api.w.org\/{rel}","templated":true}]}}