{"id":3675,"date":"2019-03-28T19:03:42","date_gmt":"2019-03-28T19:03:42","guid":{"rendered":"https:\/\/www.rituals-fuengirola.es\/?page_id=3675"},"modified":"2023-06-20T12:58:39","modified_gmt":"2023-06-20T12:58:39","slug":"masaje-anticelulitico-fuengirola","status":"publish","type":"page","link":"https:\/\/www.rituals-fuengirola.es\/en\/masajes-y-tratamientos\/masaje-anticelulitico-fuengirola\/","title":{"rendered":"Anti-cellulite massage"},"content":{"rendered":"<div class=\"wpb-content-wrapper\"><div class=\"vc_row wpb_row vc_row-fluid\" ><div class=\"wpb_column vc_column_container vc_col-sm-12\"><div class=\"vc_column-inner\"><div class=\"wpb_wrapper\">\n\t<div class=\"wpb_text_column wpb_content_element\" >\n\t\t<div class=\"wpb_wrapper\">\n\t\t\t<p style=\"text-align: justify;\"><span style=\"color: #000000;\"><\/p>\n\n\t\t<\/div>\n\t<\/div>\n<\/div><\/div><\/div><\/div><div class=\"vc_row wpb_row vc_row-fluid vc_custom_1506602211415\" ><div class=\"wpb_column vc_column_container vc_col-sm-6\"><div class=\"vc_column-inner\"><div class=\"wpb_wrapper\"><div class=\"mkdf-image-gallery  mkdf-ig-slider-type mkdf-large-space\">\n\t<div class=\"mkdf-ig-slider mkdf-owl-slider\" data-number-of-items=\"1\" data-enable-loop=\"yes\" data-enable-autoplay=\"yes\" data-slider-speed=\"5000\" data-slider-speed-animation=\"600\" data-slider-padding=\"no\" data-enable-navigation=\"yes\" data-enable-pagination=\"no\">\n\t\t\t\t\t<div class=\"mkdf-ig-image\">\n\t\t\t\t\t\t\t\t\t<img decoding=\"async\" src=\"https:\/\/www.rituals-fuengirola.es\/wp-content\/uploads\/2017\/09\/masaje-anticelulitico-fuengirola-1-400x300.jpg\" alt=\"masaje anticelul\u00edtico fuengirola 01\" width=\"400\" height=\"300\" \/>\t\t\t\t\t\t\t<\/div>\n\t\t\t\t\t<div class=\"mkdf-ig-image\">\n\t\t\t\t\t\t\t\t\t<img decoding=\"async\" src=\"https:\/\/www.rituals-fuengirola.es\/wp-content\/uploads\/2017\/09\/masaje-anticelulitico-fuengirola-2-400x300.jpg\" alt=\"masaje anticelul\u00edtico fuengirola 02\" width=\"400\" height=\"300\" \/>\t\t\t\t\t\t\t<\/div>\n\t\t\t\t\t<div class=\"mkdf-ig-image\">\n\t\t\t\t\t\t\t\t\t<img decoding=\"async\" src=\"https:\/\/www.rituals-fuengirola.es\/wp-content\/uploads\/2017\/09\/masaje-anticelulitico-fuengirola-3-400x300.jpg\" alt=\"masaje anticelul\u00edtico fuengirola 03\" width=\"400\" height=\"300\" \/>\t\t\t\t\t\t\t<\/div>\n\t\t\t<\/div>\n<\/div><\/div><\/div><\/div><div class=\"wpb_column vc_column_container vc_col-sm-6\"><div class=\"vc_column-inner\"><div class=\"wpb_wrapper\">\n\t<div class=\"wpb_text_column wpb_content_element\" >\n\t\t<div class=\"wpb_wrapper\">\n\t\t\t<p><\/span><\/p>\n<h4 style=\"text-align: justify;\" id=\"masaje-anticelulitico\"><span style=\"color: #000000;\">Anti-cellulite massage<\/span><\/h4>\n<p style=\"text-align: justify;\"><span style=\"color: #000000;\"><\/p>\n\n\t\t<\/div>\n\t<\/div>\n<div class=\"vc_empty_space\"   style=\"height: 30px\"><span class=\"vc_empty_space_inner\"><\/span><\/div>\n\t<div class=\"wpb_text_column wpb_content_element\" >\n\t\t<div class=\"wpb_wrapper\">\n\t\t\t<p>\u00a0<\/span><\/p>\n<p style=\"text-align: justify;\"><span style=\"color: #000000;\"><strong>Description: <\/strong>The anti-cellulite massage is very beneficial to eradicate this problem and return your skin firmness and good looking lost. Its fundamental function is to open the pores. Mobilizes the lymphatic system and breaks down the fat thus facilitates the penetration of the natural cosmetic products we use. The <a style=\"color: #000000;\" href=\"https:\/\/www.rituals-fuengirola.es\/en\/portfolio\/tratamientos\/\">massage<\/a> anti-cellulite and lymphatic drainage are very effective in the treatment of cellulite if they are performed correctly and frequently. Combined with diets and <a style=\"color: #000000;\" href=\"https:\/\/www.webconsultas.com\/ejercicio-y-deporte\/vida-activa\/beneficios-del-ejercicio-fisico-869\">physical exercise<\/a> they can make cellulite dissipate and even disappear. This treatment includes:<\/span><\/p>\n<ul style=\"text-align: justify;\">\n<li><span style=\"color: #000000;\">Massage with anti-cellulite ampoules<\/span><\/li>\n<li><span style=\"color: #000000;\">Seaweed wrapping.<\/span><\/li>\n<li><span style=\"color: #000000;\">Organic Tea<\/span><\/li>\n<\/ul>\n<p style=\"text-align: justify;\"><span style=\"color: #000000;\"><strong>Benefits:<\/strong><\/span><\/p>\n<ul style=\"text-align: justify;\">\n<li><span style=\"color: #000000;\">First, it improves venous and lymphatic circulation.<\/span><\/li>\n<li><span style=\"color: #000000;\">It also improves muscle tone and the appearance of the skin.<\/span><\/li>\n<li><span style=\"color: #000000;\">Decreases edema also reduces the size of adipocytes.<\/span><\/li>\n<li><span style=\"color: #000000;\">Finally it increases the oxygenation of the tissues and on the other hand it reduces the fibrosity.<\/span><\/li>\n<\/ul>\n<p style=\"text-align: justify;\"><span style=\"color: #000000;\"><strong>Prices:<\/strong><\/span><\/p>\n<ul style=\"text-align: justify;\">\n<li><span style=\"color: #000000;\">60 min. \u2013 85 \u20ac<\/span><\/li>\n<\/ul>\n<p style=\"text-align: justify;\"><span style=\"color: #000000;\"><a itemprop=\"url\" href=\"tel:\/\/+34603323339\" target=\"_self\"  class=\"mkdf-btn mkdf-btn-medium mkdf-btn-solid\"  >\n    <span class=\"mkdf-btn-text\">Book Us<\/span>\n    <i class=\"mkdf-icon-font-awesome fa\" ><\/i>\t<\/a><\/span><\/p>\n\n\t\t<\/div>\n\t<\/div>\n<\/div><\/div><\/div><\/div><div class=\"vc_row wpb_row vc_row-fluid\" ><div class=\"wpb_column vc_column_container vc_col-sm-12\"><div class=\"vc_column-inner\"><div class=\"wpb_wrapper\"><div class=\"vc_empty_space\"   style=\"height: 80px\"><span class=\"vc_empty_space_inner\"><\/span><\/div><a itemprop=\"url\" href=\"https:\/\/www.rituals-fuengirola.es\/en\/masajes-y-tratamientos\/\" target=\"_self\"  class=\"mkdf-btn mkdf-btn-small mkdf-btn-outline mkdf-btn-icon\"  >\n    <span class=\"mkdf-btn-text\">Massages catalog<\/span>\n    <span aria-hidden=\"true\" class=\"mkdf-icon-font-elegant arrow_back\" ><\/span>\t<\/a><\/div><\/div><\/div><\/div><div class=\"vc_row wpb_row vc_row-fluid\" ><div class=\"wpb_column vc_column_container vc_col-sm-12\"><div class=\"vc_column-inner\"><div class=\"wpb_wrapper\">\n\t<div class=\"wpb_text_column wpb_content_element\" >\n\t\t<div class=\"wpb_wrapper\">\n\t\t\t\n\t\t<\/div>\n\t<\/div>\n<\/div><\/div><\/div><\/div>\n<\/div>","protected":false},"excerpt":{"rendered":"masaje Anticelul\u00edtico \u00a0 Descripci\u00f3n: el masaje anticelul\u00edtico es muy beneficioso para erradicar este problema y devolver a tu piel la firmeza y buen aspecto perdido. Su funci\u00f3n fundamental es abrir los poros. Moviliza el sistema linf\u00e1tico y rompe la grasa [...]","protected":false},"author":1,"featured_media":0,"parent":2035,"menu_order":0,"comment_status":"closed","ping_status":"closed","template":"","meta":{"_exactmetrics_skip_tracking":false,"_exactmetrics_sitenote_active":false,"_exactmetrics_sitenote_note":"","_exactmetrics_sitenote_category":0,"footnotes":""},"class_list":["post-3675","page","type-page","status-publish","hentry"],"yoast_head":"<!-- This site is optimized with the Yoast SEO plugin v27.2 - https:\/\/yoast.com\/product\/yoast-seo-wordpress\/ -->\n<title>Masaje Anticelul\u00edtico &#8211; Cat\u00e1logo Masajes Rituals Masajes Fuengirola<\/title>\n<meta name=\"description\" content=\"El\u00a0masaje anticelul\u00edtico es muy beneficioso para erradicar este problema\u00a0y devolver a tu piel la firmeza y buen aspecto perdido.\" \/>\n<meta name=\"robots\" content=\"index, follow, max-snippet:-1, max-image-preview:large, max-video-preview:-1\" \/>\n<link rel=\"canonical\" href=\"https:\/\/www.rituals-fuengirola.es\/en\/masajes-y-tratamientos\/masaje-anticelulitico-fuengirola\/\" \/>\n<meta property=\"og:locale\" content=\"en_GB\" \/>\n<meta property=\"og:type\" content=\"article\" \/>\n<meta property=\"og:title\" content=\"Masaje Anticelul\u00edtico &#8211; Cat\u00e1logo Masajes Rituals Masajes Fuengirola\" \/>\n<meta property=\"og:description\" content=\"El\u00a0masaje anticelul\u00edtico es muy beneficioso para erradicar este problema\u00a0y devolver a tu piel la firmeza y buen aspecto perdido.\" \/>\n<meta property=\"og:url\" content=\"https:\/\/www.rituals-fuengirola.es\/en\/masajes-y-tratamientos\/masaje-anticelulitico-fuengirola\/\" \/>\n<meta property=\"og:site_name\" content=\"Rituals Masajes Fuengirola\" \/>\n<meta property=\"article:publisher\" content=\"https:\/\/www.facebook.com\/ritualsfuengirola\" \/>\n<meta property=\"article:modified_time\" content=\"2023-06-20T12:58:39+00:00\" \/>\n<meta name=\"twitter:card\" content=\"summary_large_image\" \/>\n<meta name=\"twitter:label1\" content=\"Estimated reading time\" \/>\n\t<meta name=\"twitter:data1\" content=\"1 minute\" \/>\n<script type=\"application\/ld+json\" class=\"yoast-schema-graph\">{\"@context\":\"https:\/\/schema.org\",\"@graph\":[{\"@type\":\"WebPage\",\"@id\":\"https:\/\/www.rituals-fuengirola.es\/masajes-y-tratamientos\/masaje-anticelulitico-fuengirola\/\",\"url\":\"https:\/\/www.rituals-fuengirola.es\/masajes-y-tratamientos\/masaje-anticelulitico-fuengirola\/\",\"name\":\"Masaje Anticelul\u00edtico &#8211; Cat\u00e1logo Masajes Rituals Masajes Fuengirola\",\"isPartOf\":{\"@id\":\"https:\/\/www.rituals-fuengirola.es\/#website\"},\"datePublished\":\"2019-03-28T19:03:42+00:00\",\"dateModified\":\"2023-06-20T12:58:39+00:00\",\"description\":\"El\u00a0masaje anticelul\u00edtico es muy beneficioso para erradicar este problema\u00a0y devolver a tu piel la firmeza y buen aspecto perdido.\",\"breadcrumb\":{\"@id\":\"https:\/\/www.rituals-fuengirola.es\/masajes-y-tratamientos\/masaje-anticelulitico-fuengirola\/#breadcrumb\"},\"inLanguage\":\"en-GB\",\"potentialAction\":[{\"@type\":\"ReadAction\",\"target\":[\"https:\/\/www.rituals-fuengirola.es\/masajes-y-tratamientos\/masaje-anticelulitico-fuengirola\/\"]}]},{\"@type\":\"BreadcrumbList\",\"@id\":\"https:\/\/www.rituals-fuengirola.es\/masajes-y-tratamientos\/masaje-anticelulitico-fuengirola\/#breadcrumb\",\"itemListElement\":[{\"@type\":\"ListItem\",\"position\":1,\"name\":\"Home\",\"item\":\"https:\/\/www.rituals-fuengirola.es\/\"},{\"@type\":\"ListItem\",\"position\":2,\"name\":\"Masajes y Tratamientos\",\"item\":\"https:\/\/www.rituals-fuengirola.es\/masajes-y-tratamientos\/\"},{\"@type\":\"ListItem\",\"position\":3,\"name\":\"Masaje Anticelul\u00edtico\"}]},{\"@type\":\"WebSite\",\"@id\":\"https:\/\/www.rituals-fuengirola.es\/#website\",\"url\":\"https:\/\/www.rituals-fuengirola.es\/\",\"name\":\"Rituals Masajes Fuengirola\",\"description\":\"Masajes Fuengirola y Terapias Naturales\",\"publisher\":{\"@id\":\"https:\/\/www.rituals-fuengirola.es\/#organization\"},\"potentialAction\":[{\"@type\":\"SearchAction\",\"target\":{\"@type\":\"EntryPoint\",\"urlTemplate\":\"https:\/\/www.rituals-fuengirola.es\/?s={search_term_string}\"},\"query-input\":{\"@type\":\"PropertyValueSpecification\",\"valueRequired\":true,\"valueName\":\"search_term_string\"}}],\"inLanguage\":\"en-GB\"},{\"@type\":\"Organization\",\"@id\":\"https:\/\/www.rituals-fuengirola.es\/#organization\",\"name\":\"Rituals Fuengirola\",\"url\":\"https:\/\/www.rituals-fuengirola.es\/\",\"logo\":{\"@type\":\"ImageObject\",\"inLanguage\":\"en-GB\",\"@id\":\"https:\/\/www.rituals-fuengirola.es\/#\/schema\/logo\/image\/\",\"url\":\"https:\/\/www.rituals-fuengirola.es\/wp-content\/uploads\/2020\/10\/cropped-logo-nuevo3.jpg\",\"contentUrl\":\"https:\/\/www.rituals-fuengirola.es\/wp-content\/uploads\/2020\/10\/cropped-logo-nuevo3.jpg\",\"width\":512,\"height\":512,\"caption\":\"Rituals Fuengirola\"},\"image\":{\"@id\":\"https:\/\/www.rituals-fuengirola.es\/#\/schema\/logo\/image\/\"},\"sameAs\":[\"https:\/\/www.facebook.com\/ritualsfuengirola\",\"https:\/\/www.instagram.com\/ritualsfuengirola\/\"]}]}<\/script>\n<!-- \/ Yoast SEO plugin. -->","yoast_head_json":{"title":"Masaje Anticelul\u00edtico &#8211; Cat\u00e1logo Masajes Rituals Masajes Fuengirola","description":"El\u00a0masaje anticelul\u00edtico es muy beneficioso para erradicar este problema\u00a0y devolver a tu piel la firmeza y buen aspecto perdido.","robots":{"index":"index","follow":"follow","max-snippet":"max-snippet:-1","max-image-preview":"max-image-preview:large","max-video-preview":"max-video-preview:-1"},"canonical":"https:\/\/www.rituals-fuengirola.es\/en\/masajes-y-tratamientos\/masaje-anticelulitico-fuengirola\/","og_locale":"en_GB","og_type":"article","og_title":"Masaje Anticelul\u00edtico &#8211; Cat\u00e1logo Masajes Rituals Masajes Fuengirola","og_description":"El\u00a0masaje anticelul\u00edtico es muy beneficioso para erradicar este problema\u00a0y devolver a tu piel la firmeza y buen aspecto perdido.","og_url":"https:\/\/www.rituals-fuengirola.es\/en\/masajes-y-tratamientos\/masaje-anticelulitico-fuengirola\/","og_site_name":"Rituals Masajes Fuengirola","article_publisher":"https:\/\/www.facebook.com\/ritualsfuengirola","article_modified_time":"2023-06-20T12:58:39+00:00","twitter_card":"summary_large_image","twitter_misc":{"Estimated reading time":"1 minute"},"schema":{"@context":"https:\/\/schema.org","@graph":[{"@type":"WebPage","@id":"https:\/\/www.rituals-fuengirola.es\/masajes-y-tratamientos\/masaje-anticelulitico-fuengirola\/","url":"https:\/\/www.rituals-fuengirola.es\/masajes-y-tratamientos\/masaje-anticelulitico-fuengirola\/","name":"Masaje Anticelul\u00edtico &#8211; Cat\u00e1logo Masajes Rituals Masajes Fuengirola","isPartOf":{"@id":"https:\/\/www.rituals-fuengirola.es\/#website"},"datePublished":"2019-03-28T19:03:42+00:00","dateModified":"2023-06-20T12:58:39+00:00","description":"El\u00a0masaje anticelul\u00edtico es muy beneficioso para erradicar este problema\u00a0y devolver a tu piel la firmeza y buen aspecto perdido.","breadcrumb":{"@id":"https:\/\/www.rituals-fuengirola.es\/masajes-y-tratamientos\/masaje-anticelulitico-fuengirola\/#breadcrumb"},"inLanguage":"en-GB","potentialAction":[{"@type":"ReadAction","target":["https:\/\/www.rituals-fuengirola.es\/masajes-y-tratamientos\/masaje-anticelulitico-fuengirola\/"]}]},{"@type":"BreadcrumbList","@id":"https:\/\/www.rituals-fuengirola.es\/masajes-y-tratamientos\/masaje-anticelulitico-fuengirola\/#breadcrumb","itemListElement":[{"@type":"ListItem","position":1,"name":"Home","item":"https:\/\/www.rituals-fuengirola.es\/"},{"@type":"ListItem","position":2,"name":"Masajes y Tratamientos","item":"https:\/\/www.rituals-fuengirola.es\/masajes-y-tratamientos\/"},{"@type":"ListItem","position":3,"name":"Masaje Anticelul\u00edtico"}]},{"@type":"WebSite","@id":"https:\/\/www.rituals-fuengirola.es\/#website","url":"https:\/\/www.rituals-fuengirola.es\/","name":"Rituals Masajes Fuengirola","description":"Masajes Fuengirola y Terapias Naturales","publisher":{"@id":"https:\/\/www.rituals-fuengirola.es\/#organization"},"potentialAction":[{"@type":"SearchAction","target":{"@type":"EntryPoint","urlTemplate":"https:\/\/www.rituals-fuengirola.es\/?s={search_term_string}"},"query-input":{"@type":"PropertyValueSpecification","valueRequired":true,"valueName":"search_term_string"}}],"inLanguage":"en-GB"},{"@type":"Organization","@id":"https:\/\/www.rituals-fuengirola.es\/#organization","name":"Rituals Fuengirola","url":"https:\/\/www.rituals-fuengirola.es\/","logo":{"@type":"ImageObject","inLanguage":"en-GB","@id":"https:\/\/www.rituals-fuengirola.es\/#\/schema\/logo\/image\/","url":"https:\/\/www.rituals-fuengirola.es\/wp-content\/uploads\/2020\/10\/cropped-logo-nuevo3.jpg","contentUrl":"https:\/\/www.rituals-fuengirola.es\/wp-content\/uploads\/2020\/10\/cropped-logo-nuevo3.jpg","width":512,"height":512,"caption":"Rituals Fuengirola"},"image":{"@id":"https:\/\/www.rituals-fuengirola.es\/#\/schema\/logo\/image\/"},"sameAs":["https:\/\/www.facebook.com\/ritualsfuengirola","https:\/\/www.instagram.com\/ritualsfuengirola\/"]}]}},"_links":{"self":[{"href":"https:\/\/www.rituals-fuengirola.es\/en\/wp-json\/wp\/v2\/pages\/3675","targetHints":{"allow":["GET"]}}],"collection":[{"href":"https:\/\/www.rituals-fuengirola.es\/en\/wp-json\/wp\/v2\/pages"}],"about":[{"href":"https:\/\/www.rituals-fuengirola.es\/en\/wp-json\/wp\/v2\/types\/page"}],"author":[{"embeddable":true,"href":"https:\/\/www.rituals-fuengirola.es\/en\/wp-json\/wp\/v2\/users\/1"}],"replies":[{"embeddable":true,"href":"https:\/\/www.rituals-fuengirola.es\/en\/wp-json\/wp\/v2\/comments?post=3675"}],"version-history":[{"count":8,"href":"https:\/\/www.rituals-fuengirola.es\/en\/wp-json\/wp\/v2\/pages\/3675\/revisions"}],"predecessor-version":[{"id":6439,"href":"https:\/\/www.rituals-fuengirola.es\/en\/wp-json\/wp\/v2\/pages\/3675\/revisions\/6439"}],"up":[{"embeddable":true,"href":"https:\/\/www.rituals-fuengirola.es\/en\/wp-json\/wp\/v2\/pages\/2035"}],"wp:attachment":[{"href":"https:\/\/www.rituals-fuengirola.es\/en\/wp-json\/wp\/v2\/media?parent=3675"}],"curies":[{"name":"wp","href":"https:\/\/api.w.org\/{rel}","templated":true}]}}