{"id":3521,"date":"2019-03-28T15:06:58","date_gmt":"2019-03-28T15:06:58","guid":{"rendered":"https:\/\/www.rituals-fuengirola.es\/?page_id=3521"},"modified":"2023-06-20T12:59:56","modified_gmt":"2023-06-20T12:59:56","slug":"masaje-relajante-fuengirola","status":"publish","type":"page","link":"https:\/\/www.rituals-fuengirola.es\/en\/masajes-y-tratamientos\/masaje-relajante-fuengirola\/","title":{"rendered":"Relaxing Massage"},"content":{"rendered":"<div class=\"wpb-content-wrapper\"><div class=\"vc_row wpb_row vc_row-fluid\" ><div class=\"wpb_column vc_column_container vc_col-sm-12\"><div class=\"vc_column-inner\"><div class=\"wpb_wrapper\">\n\t<div class=\"wpb_text_column wpb_content_element\" >\n\t\t<div class=\"wpb_wrapper\">\n\t\t\t<p style=\"text-align: justify;\"><span style=\"color: #000000;\"><\/p>\n\n\t\t<\/div>\n\t<\/div>\n<\/div><\/div><\/div><\/div><div class=\"vc_row wpb_row vc_row-fluid vc_custom_1506693611606\" ><div class=\"wpb_column vc_column_container vc_col-sm-6\"><div class=\"vc_column-inner\"><div class=\"wpb_wrapper\"><div class=\"mkdf-image-gallery  mkdf-ig-slider-type mkdf-large-space\">\n\t<div class=\"mkdf-ig-slider mkdf-owl-slider\" data-number-of-items=\"1\" data-enable-loop=\"yes\" data-enable-autoplay=\"yes\" data-slider-speed=\"5000\" data-slider-speed-animation=\"600\" data-slider-padding=\"no\" data-enable-navigation=\"yes\" data-enable-pagination=\"no\">\n\t\t\t\t\t<div class=\"mkdf-ig-image\">\n\t\t\t\t\t\t\t\t\t<img decoding=\"async\" width=\"300\" height=\"205\" src=\"https:\/\/www.rituals-fuengirola.es\/wp-content\/uploads\/2017\/09\/h2-port-gallery-img-4-300x205.jpg\" class=\"attachment-medium size-medium\" alt=\"pack ahorro rituals terapias fuengirola tarjeta regalo\" srcset=\"https:\/\/www.rituals-fuengirola.es\/wp-content\/uploads\/2017\/09\/h2-port-gallery-img-4-300x205.jpg 300w, https:\/\/www.rituals-fuengirola.es\/wp-content\/uploads\/2017\/09\/h2-port-gallery-img-4-768x524.jpg 768w, https:\/\/www.rituals-fuengirola.es\/wp-content\/uploads\/2017\/09\/h2-port-gallery-img-4-1024x699.jpg 1024w, https:\/\/www.rituals-fuengirola.es\/wp-content\/uploads\/2017\/09\/h2-port-gallery-img-4-600x409.jpg 600w, https:\/\/www.rituals-fuengirola.es\/wp-content\/uploads\/2017\/09\/h2-port-gallery-img-4.jpg 1300w\" sizes=\"(max-width: 300px) 100vw, 300px\" \/>\t\t\t\t\t\t\t<\/div>\n\t\t\t\t\t<div class=\"mkdf-ig-image\">\n\t\t\t\t\t\t\t\t\t<img decoding=\"async\" width=\"300\" height=\"205\" src=\"https:\/\/www.rituals-fuengirola.es\/wp-content\/uploads\/2017\/09\/h2-port-gallery-img-2-300x205.jpg\" class=\"attachment-medium size-medium\" alt=\"pack ahorro oferta regalo rituals terapias\" srcset=\"https:\/\/www.rituals-fuengirola.es\/wp-content\/uploads\/2017\/09\/h2-port-gallery-img-2-300x205.jpg 300w, https:\/\/www.rituals-fuengirola.es\/wp-content\/uploads\/2017\/09\/h2-port-gallery-img-2-768x524.jpg 768w, https:\/\/www.rituals-fuengirola.es\/wp-content\/uploads\/2017\/09\/h2-port-gallery-img-2-1024x699.jpg 1024w, https:\/\/www.rituals-fuengirola.es\/wp-content\/uploads\/2017\/09\/h2-port-gallery-img-2-600x409.jpg 600w, https:\/\/www.rituals-fuengirola.es\/wp-content\/uploads\/2017\/09\/h2-port-gallery-img-2.jpg 1300w\" sizes=\"(max-width: 300px) 100vw, 300px\" \/>\t\t\t\t\t\t\t<\/div>\n\t\t\t\t\t<div class=\"mkdf-ig-image\">\n\t\t\t\t\t\t\t\t\t<img decoding=\"async\" width=\"300\" height=\"205\" src=\"https:\/\/www.rituals-fuengirola.es\/wp-content\/uploads\/2017\/09\/h2-port-gallery-img-1-300x205.jpg\" class=\"attachment-medium size-medium\" alt=\"ritual relajante fuengirola 01\" srcset=\"https:\/\/www.rituals-fuengirola.es\/wp-content\/uploads\/2017\/09\/h2-port-gallery-img-1-300x205.jpg 300w, https:\/\/www.rituals-fuengirola.es\/wp-content\/uploads\/2017\/09\/h2-port-gallery-img-1-768x524.jpg 768w, https:\/\/www.rituals-fuengirola.es\/wp-content\/uploads\/2017\/09\/h2-port-gallery-img-1-1024x699.jpg 1024w, https:\/\/www.rituals-fuengirola.es\/wp-content\/uploads\/2017\/09\/h2-port-gallery-img-1-600x409.jpg 600w, https:\/\/www.rituals-fuengirola.es\/wp-content\/uploads\/2017\/09\/h2-port-gallery-img-1.jpg 1300w\" sizes=\"(max-width: 300px) 100vw, 300px\" \/>\t\t\t\t\t\t\t<\/div>\n\t\t\t<\/div>\n<\/div><\/div><\/div><\/div><div class=\"wpb_column vc_column_container vc_col-sm-6\"><div class=\"vc_column-inner\"><div class=\"wpb_wrapper\">\n\t<div class=\"wpb_text_column wpb_content_element\" >\n\t\t<div class=\"wpb_wrapper\">\n\t\t\t<p><\/span><\/p>\n<h4 style=\"text-align: justify;\" id=\"masaje-relajante\"><span style=\"color: #000000;\">Relaxing Massage<\/span><\/h4>\n<p style=\"text-align: justify;\"><span style=\"color: #000000;\"><\/p>\n\n\t\t<\/div>\n\t<\/div>\n<div class=\"vc_empty_space\"   style=\"height: 20px\"><span class=\"vc_empty_space_inner\"><\/span><\/div>\n\t<div class=\"wpb_text_column wpb_content_element\" >\n\t\t<div class=\"wpb_wrapper\">\n\t\t\t<p>\u00a0<\/span><\/p>\n<p style=\"text-align: justify;\"><span style=\"color: #000000;\"><strong>Description: <\/strong>The ritual of natural muscle relaxing massage is the most typical and one of the most requested <a style=\"color: #000000;\" href=\"https:\/\/www.rituals-fuengirola.es\/en\/portfolio\/tratamientos\/\">our catalog<\/a>. It is used to eliminate stress and accumulated tensions after an intense day of work. We apply our creams\u00a0<span class=\"s1\">natural relaxers\u00a0<\/span>all over the body, but with emphasis on the back and lower neck. It is quick to apply and only requires hands and our biological essential oils to soften. The Relaxing Ritual includes:<\/span><\/p>\n<ul style=\"text-align: justify;\">\n<li><span style=\"color: #000000;\">Relaxing Massage with Essential Oils<\/span><\/li>\n<li><span style=\"color: #000000;\"><a style=\"color: #000000;\" href=\"https:\/\/es.wikipedia.org\/wiki\/Aromaterapia\">Aromatherapy<\/a><\/span><\/li>\n<li><span style=\"color: #000000;\">Organic Tea<\/span><\/li>\n<\/ul>\n<p style=\"text-align: justify;\"><span style=\"color: #000000;\"><strong>Benefits:<\/strong><\/span><\/p>\n<ul style=\"text-align: justify;\">\n<li><span style=\"color: #000000;\">First relaxes the body and mind.<\/span><\/li>\n<li><span style=\"color: #000000;\">It also eliminates the feeling of anxiety.<\/span><\/li>\n<li><span style=\"color: #000000;\">Reduces and eliminates muscle aches.<\/span><\/li>\n<li><span style=\"color: #000000;\">Strengthens blood circulation.<\/span><\/li>\n<li><span style=\"color: #000000;\">It helps the elimination of toxins and also of dead cells.<\/span><\/li>\n<li><span style=\"color: #000000;\">Improves the nervous system.<\/span><\/li>\n<li><span style=\"color: #000000;\">Recover energy from the accumulated fatigue and therefore creates a feeling of well-being.<\/span><\/li>\n<li><span style=\"color: #000000;\">It contributes to the digestion of nutrients and also to the elimination of waste of the body.<\/span><\/li>\n<li><span style=\"color: #000000;\">Increase natural defenses.<\/span><\/li>\n<\/ul>\n<p style=\"text-align: justify;\"><span style=\"color: #000000;\"><strong>Prices: <\/strong><\/span><\/p>\n<ul style=\"text-align: justify;\">\n<li><span style=\"color: #000000;\">60 min. \u2013 60 \u20ac<\/span><\/li>\n<\/ul>\n<p style=\"text-align: justify;\"><span style=\"color: #000000;\"><a itemprop=\"url\" href=\"tel:\/\/+34603323339\" target=\"_self\"  class=\"mkdf-btn mkdf-btn-medium mkdf-btn-solid\"  >\n    <span class=\"mkdf-btn-text\">Book Us<\/span>\n    <i class=\"mkdf-icon-font-awesome fa\" ><\/i>\t<\/a><\/span><\/p>\n\n\t\t<\/div>\n\t<\/div>\n<\/div><\/div><\/div><\/div><div class=\"vc_row wpb_row vc_row-fluid\" ><div class=\"wpb_column vc_column_container vc_col-sm-12\"><div class=\"vc_column-inner\"><div class=\"wpb_wrapper\"><div class=\"vc_empty_space\"   style=\"height: 80px\"><span class=\"vc_empty_space_inner\"><\/span><\/div><a itemprop=\"url\" href=\"https:\/\/www.rituals-fuengirola.es\/en\/masajes-y-tratamientos\/\" target=\"_self\"  class=\"mkdf-btn mkdf-btn-small mkdf-btn-outline mkdf-btn-icon\"  >\n    <span class=\"mkdf-btn-text\">Massages catalog<\/span>\n    <span aria-hidden=\"true\" class=\"mkdf-icon-font-elegant arrow_back\" ><\/span>\t<\/a><\/div><\/div><\/div><\/div><div class=\"vc_row wpb_row vc_row-fluid\" ><div class=\"wpb_column vc_column_container vc_col-sm-12\"><div class=\"vc_column-inner\"><div class=\"wpb_wrapper\">\n\t<div class=\"wpb_text_column wpb_content_element\" >\n\t\t<div class=\"wpb_wrapper\">\n\t\t\t\n\t\t<\/div>\n\t<\/div>\n<\/div><\/div><\/div><\/div>\n<\/div>","protected":false},"excerpt":{"rendered":"MASAJE RELAJANTE \u00a0 Descripci\u00f3n: el ritual de masaje relajante muscular natural, es el m\u00e1s t\u00edpico y uno de los m\u00e1s pedidos de nuestro cat\u00e1logo. Se utiliza para eliminar el\u00a0estr\u00e9s\u00a0y las tensiones acumuladas despu\u00e9s de una jornada intensa de trabajo. Aplicamos [...]","protected":false},"author":1,"featured_media":165,"parent":2035,"menu_order":0,"comment_status":"closed","ping_status":"closed","template":"","meta":{"_exactmetrics_skip_tracking":false,"_exactmetrics_sitenote_active":false,"_exactmetrics_sitenote_note":"","_exactmetrics_sitenote_category":0,"footnotes":""},"class_list":["post-3521","page","type-page","status-publish","has-post-thumbnail","hentry"],"yoast_head":"<!-- This site is optimized with the Yoast SEO plugin v27.2 - https:\/\/yoast.com\/product\/yoast-seo-wordpress\/ -->\n<title>Masaje Relajante &#8211; Cat\u00e1logo Masajes Rituals Masajes Fuengirola<\/title>\n<meta name=\"description\" content=\"El ritual relajante es un masaje echo con cremas\u00a0relajantes naturales y biol\u00f3gicas. Elimina el\u00a0estr\u00e9s\u00a0y las tensiones acumuladas. Massages in Fuengirola\" \/>\n<meta name=\"robots\" content=\"index, follow, max-snippet:-1, max-image-preview:large, max-video-preview:-1\" \/>\n<link rel=\"canonical\" href=\"https:\/\/www.rituals-fuengirola.es\/en\/masajes-y-tratamientos\/masaje-relajante-fuengirola\/\" \/>\n<meta property=\"og:locale\" content=\"en_GB\" \/>\n<meta property=\"og:type\" content=\"article\" \/>\n<meta property=\"og:title\" content=\"Masaje Relajante &#8211; Cat\u00e1logo Masajes Rituals Masajes Fuengirola\" \/>\n<meta property=\"og:description\" content=\"El ritual relajante es un masaje echo con cremas\u00a0relajantes naturales y biol\u00f3gicas. Elimina el\u00a0estr\u00e9s\u00a0y las tensiones acumuladas. Massages in Fuengirola\" \/>\n<meta property=\"og:url\" content=\"https:\/\/www.rituals-fuengirola.es\/en\/masajes-y-tratamientos\/masaje-relajante-fuengirola\/\" \/>\n<meta property=\"og:site_name\" content=\"Rituals Masajes Fuengirola\" \/>\n<meta property=\"article:publisher\" content=\"https:\/\/www.facebook.com\/ritualsfuengirola\" \/>\n<meta property=\"article:modified_time\" content=\"2023-06-20T12:59:56+00:00\" \/>\n<meta property=\"og:image\" content=\"https:\/\/www.rituals-fuengirola.es\/wp-content\/uploads\/2017\/09\/h2-port-img-1.jpg\" \/>\n\t<meta property=\"og:image:width\" content=\"800\" \/>\n\t<meta property=\"og:image:height\" content=\"546\" \/>\n\t<meta property=\"og:image:type\" content=\"image\/jpeg\" \/>\n<meta name=\"twitter:card\" content=\"summary_large_image\" \/>\n<meta name=\"twitter:label1\" content=\"Estimated reading time\" \/>\n\t<meta name=\"twitter:data1\" content=\"2 minutes\" \/>\n<script type=\"application\/ld+json\" class=\"yoast-schema-graph\">{\"@context\":\"https:\/\/schema.org\",\"@graph\":[{\"@type\":\"WebPage\",\"@id\":\"https:\/\/www.rituals-fuengirola.es\/masajes-y-tratamientos\/masaje-relajante-fuengirola\/\",\"url\":\"https:\/\/www.rituals-fuengirola.es\/masajes-y-tratamientos\/masaje-relajante-fuengirola\/\",\"name\":\"Masaje Relajante &#8211; Cat\u00e1logo Masajes Rituals Masajes Fuengirola\",\"isPartOf\":{\"@id\":\"https:\/\/www.rituals-fuengirola.es\/#website\"},\"primaryImageOfPage\":{\"@id\":\"https:\/\/www.rituals-fuengirola.es\/masajes-y-tratamientos\/masaje-relajante-fuengirola\/#primaryimage\"},\"image\":{\"@id\":\"https:\/\/www.rituals-fuengirola.es\/masajes-y-tratamientos\/masaje-relajante-fuengirola\/#primaryimage\"},\"thumbnailUrl\":\"https:\/\/www.rituals-fuengirola.es\/wp-content\/uploads\/2017\/09\/h2-port-img-1.jpg\",\"datePublished\":\"2019-03-28T15:06:58+00:00\",\"dateModified\":\"2023-06-20T12:59:56+00:00\",\"description\":\"El ritual relajante es un masaje echo con cremas\u00a0relajantes naturales y biol\u00f3gicas. Elimina el\u00a0estr\u00e9s\u00a0y las tensiones acumuladas. Massages in Fuengirola\",\"breadcrumb\":{\"@id\":\"https:\/\/www.rituals-fuengirola.es\/masajes-y-tratamientos\/masaje-relajante-fuengirola\/#breadcrumb\"},\"inLanguage\":\"en-GB\",\"potentialAction\":[{\"@type\":\"ReadAction\",\"target\":[\"https:\/\/www.rituals-fuengirola.es\/masajes-y-tratamientos\/masaje-relajante-fuengirola\/\"]}]},{\"@type\":\"ImageObject\",\"inLanguage\":\"en-GB\",\"@id\":\"https:\/\/www.rituals-fuengirola.es\/masajes-y-tratamientos\/masaje-relajante-fuengirola\/#primaryimage\",\"url\":\"https:\/\/www.rituals-fuengirola.es\/wp-content\/uploads\/2017\/09\/h2-port-img-1.jpg\",\"contentUrl\":\"https:\/\/www.rituals-fuengirola.es\/wp-content\/uploads\/2017\/09\/h2-port-img-1.jpg\",\"width\":800,\"height\":546,\"caption\":\"ritual relajante fuengirola masajes y terapias naturales\"},{\"@type\":\"BreadcrumbList\",\"@id\":\"https:\/\/www.rituals-fuengirola.es\/masajes-y-tratamientos\/masaje-relajante-fuengirola\/#breadcrumb\",\"itemListElement\":[{\"@type\":\"ListItem\",\"position\":1,\"name\":\"Home\",\"item\":\"https:\/\/www.rituals-fuengirola.es\/\"},{\"@type\":\"ListItem\",\"position\":2,\"name\":\"Masajes y Tratamientos\",\"item\":\"https:\/\/www.rituals-fuengirola.es\/masajes-y-tratamientos\/\"},{\"@type\":\"ListItem\",\"position\":3,\"name\":\"Masaje Relajante\"}]},{\"@type\":\"WebSite\",\"@id\":\"https:\/\/www.rituals-fuengirola.es\/#website\",\"url\":\"https:\/\/www.rituals-fuengirola.es\/\",\"name\":\"Rituals Masajes Fuengirola\",\"description\":\"Masajes Fuengirola y Terapias Naturales\",\"publisher\":{\"@id\":\"https:\/\/www.rituals-fuengirola.es\/#organization\"},\"potentialAction\":[{\"@type\":\"SearchAction\",\"target\":{\"@type\":\"EntryPoint\",\"urlTemplate\":\"https:\/\/www.rituals-fuengirola.es\/?s={search_term_string}\"},\"query-input\":{\"@type\":\"PropertyValueSpecification\",\"valueRequired\":true,\"valueName\":\"search_term_string\"}}],\"inLanguage\":\"en-GB\"},{\"@type\":\"Organization\",\"@id\":\"https:\/\/www.rituals-fuengirola.es\/#organization\",\"name\":\"Rituals Fuengirola\",\"url\":\"https:\/\/www.rituals-fuengirola.es\/\",\"logo\":{\"@type\":\"ImageObject\",\"inLanguage\":\"en-GB\",\"@id\":\"https:\/\/www.rituals-fuengirola.es\/#\/schema\/logo\/image\/\",\"url\":\"https:\/\/www.rituals-fuengirola.es\/wp-content\/uploads\/2020\/10\/cropped-logo-nuevo3.jpg\",\"contentUrl\":\"https:\/\/www.rituals-fuengirola.es\/wp-content\/uploads\/2020\/10\/cropped-logo-nuevo3.jpg\",\"width\":512,\"height\":512,\"caption\":\"Rituals Fuengirola\"},\"image\":{\"@id\":\"https:\/\/www.rituals-fuengirola.es\/#\/schema\/logo\/image\/\"},\"sameAs\":[\"https:\/\/www.facebook.com\/ritualsfuengirola\",\"https:\/\/www.instagram.com\/ritualsfuengirola\/\"]}]}<\/script>\n<!-- \/ Yoast SEO plugin. -->","yoast_head_json":{"title":"Masaje Relajante &#8211; Cat\u00e1logo Masajes Rituals Masajes Fuengirola","description":"El ritual relajante es un masaje echo con cremas\u00a0relajantes naturales y biol\u00f3gicas. Elimina el\u00a0estr\u00e9s\u00a0y las tensiones acumuladas. Massages in Fuengirola","robots":{"index":"index","follow":"follow","max-snippet":"max-snippet:-1","max-image-preview":"max-image-preview:large","max-video-preview":"max-video-preview:-1"},"canonical":"https:\/\/www.rituals-fuengirola.es\/en\/masajes-y-tratamientos\/masaje-relajante-fuengirola\/","og_locale":"en_GB","og_type":"article","og_title":"Masaje Relajante &#8211; Cat\u00e1logo Masajes Rituals Masajes Fuengirola","og_description":"El ritual relajante es un masaje echo con cremas\u00a0relajantes naturales y biol\u00f3gicas. Elimina el\u00a0estr\u00e9s\u00a0y las tensiones acumuladas. Massages in Fuengirola","og_url":"https:\/\/www.rituals-fuengirola.es\/en\/masajes-y-tratamientos\/masaje-relajante-fuengirola\/","og_site_name":"Rituals Masajes Fuengirola","article_publisher":"https:\/\/www.facebook.com\/ritualsfuengirola","article_modified_time":"2023-06-20T12:59:56+00:00","og_image":[{"width":800,"height":546,"url":"https:\/\/www.rituals-fuengirola.es\/wp-content\/uploads\/2017\/09\/h2-port-img-1.jpg","type":"image\/jpeg"}],"twitter_card":"summary_large_image","twitter_misc":{"Estimated reading time":"2 minutes"},"schema":{"@context":"https:\/\/schema.org","@graph":[{"@type":"WebPage","@id":"https:\/\/www.rituals-fuengirola.es\/masajes-y-tratamientos\/masaje-relajante-fuengirola\/","url":"https:\/\/www.rituals-fuengirola.es\/masajes-y-tratamientos\/masaje-relajante-fuengirola\/","name":"Masaje Relajante &#8211; Cat\u00e1logo Masajes Rituals Masajes Fuengirola","isPartOf":{"@id":"https:\/\/www.rituals-fuengirola.es\/#website"},"primaryImageOfPage":{"@id":"https:\/\/www.rituals-fuengirola.es\/masajes-y-tratamientos\/masaje-relajante-fuengirola\/#primaryimage"},"image":{"@id":"https:\/\/www.rituals-fuengirola.es\/masajes-y-tratamientos\/masaje-relajante-fuengirola\/#primaryimage"},"thumbnailUrl":"https:\/\/www.rituals-fuengirola.es\/wp-content\/uploads\/2017\/09\/h2-port-img-1.jpg","datePublished":"2019-03-28T15:06:58+00:00","dateModified":"2023-06-20T12:59:56+00:00","description":"El ritual relajante es un masaje echo con cremas\u00a0relajantes naturales y biol\u00f3gicas. Elimina el\u00a0estr\u00e9s\u00a0y las tensiones acumuladas. Massages in Fuengirola","breadcrumb":{"@id":"https:\/\/www.rituals-fuengirola.es\/masajes-y-tratamientos\/masaje-relajante-fuengirola\/#breadcrumb"},"inLanguage":"en-GB","potentialAction":[{"@type":"ReadAction","target":["https:\/\/www.rituals-fuengirola.es\/masajes-y-tratamientos\/masaje-relajante-fuengirola\/"]}]},{"@type":"ImageObject","inLanguage":"en-GB","@id":"https:\/\/www.rituals-fuengirola.es\/masajes-y-tratamientos\/masaje-relajante-fuengirola\/#primaryimage","url":"https:\/\/www.rituals-fuengirola.es\/wp-content\/uploads\/2017\/09\/h2-port-img-1.jpg","contentUrl":"https:\/\/www.rituals-fuengirola.es\/wp-content\/uploads\/2017\/09\/h2-port-img-1.jpg","width":800,"height":546,"caption":"ritual relajante fuengirola masajes y terapias naturales"},{"@type":"BreadcrumbList","@id":"https:\/\/www.rituals-fuengirola.es\/masajes-y-tratamientos\/masaje-relajante-fuengirola\/#breadcrumb","itemListElement":[{"@type":"ListItem","position":1,"name":"Home","item":"https:\/\/www.rituals-fuengirola.es\/"},{"@type":"ListItem","position":2,"name":"Masajes y Tratamientos","item":"https:\/\/www.rituals-fuengirola.es\/masajes-y-tratamientos\/"},{"@type":"ListItem","position":3,"name":"Masaje Relajante"}]},{"@type":"WebSite","@id":"https:\/\/www.rituals-fuengirola.es\/#website","url":"https:\/\/www.rituals-fuengirola.es\/","name":"Rituals Masajes Fuengirola","description":"Masajes Fuengirola y Terapias Naturales","publisher":{"@id":"https:\/\/www.rituals-fuengirola.es\/#organization"},"potentialAction":[{"@type":"SearchAction","target":{"@type":"EntryPoint","urlTemplate":"https:\/\/www.rituals-fuengirola.es\/?s={search_term_string}"},"query-input":{"@type":"PropertyValueSpecification","valueRequired":true,"valueName":"search_term_string"}}],"inLanguage":"en-GB"},{"@type":"Organization","@id":"https:\/\/www.rituals-fuengirola.es\/#organization","name":"Rituals Fuengirola","url":"https:\/\/www.rituals-fuengirola.es\/","logo":{"@type":"ImageObject","inLanguage":"en-GB","@id":"https:\/\/www.rituals-fuengirola.es\/#\/schema\/logo\/image\/","url":"https:\/\/www.rituals-fuengirola.es\/wp-content\/uploads\/2020\/10\/cropped-logo-nuevo3.jpg","contentUrl":"https:\/\/www.rituals-fuengirola.es\/wp-content\/uploads\/2020\/10\/cropped-logo-nuevo3.jpg","width":512,"height":512,"caption":"Rituals Fuengirola"},"image":{"@id":"https:\/\/www.rituals-fuengirola.es\/#\/schema\/logo\/image\/"},"sameAs":["https:\/\/www.facebook.com\/ritualsfuengirola","https:\/\/www.instagram.com\/ritualsfuengirola\/"]}]}},"_links":{"self":[{"href":"https:\/\/www.rituals-fuengirola.es\/en\/wp-json\/wp\/v2\/pages\/3521","targetHints":{"allow":["GET"]}}],"collection":[{"href":"https:\/\/www.rituals-fuengirola.es\/en\/wp-json\/wp\/v2\/pages"}],"about":[{"href":"https:\/\/www.rituals-fuengirola.es\/en\/wp-json\/wp\/v2\/types\/page"}],"author":[{"embeddable":true,"href":"https:\/\/www.rituals-fuengirola.es\/en\/wp-json\/wp\/v2\/users\/1"}],"replies":[{"embeddable":true,"href":"https:\/\/www.rituals-fuengirola.es\/en\/wp-json\/wp\/v2\/comments?post=3521"}],"version-history":[{"count":45,"href":"https:\/\/www.rituals-fuengirola.es\/en\/wp-json\/wp\/v2\/pages\/3521\/revisions"}],"predecessor-version":[{"id":6442,"href":"https:\/\/www.rituals-fuengirola.es\/en\/wp-json\/wp\/v2\/pages\/3521\/revisions\/6442"}],"up":[{"embeddable":true,"href":"https:\/\/www.rituals-fuengirola.es\/en\/wp-json\/wp\/v2\/pages\/2035"}],"wp:featuredmedia":[{"embeddable":true,"href":"https:\/\/www.rituals-fuengirola.es\/en\/wp-json\/wp\/v2\/media\/165"}],"wp:attachment":[{"href":"https:\/\/www.rituals-fuengirola.es\/en\/wp-json\/wp\/v2\/media?parent=3521"}],"curies":[{"name":"wp","href":"https:\/\/api.w.org\/{rel}","templated":true}]}}